{"id":3849,"date":"2020-01-27T17:06:27","date_gmt":"2020-01-27T17:06:27","guid":{"rendered":"http:\/\/gurbacka.pl\/sekrety\/?post_type=product&#038;p=3849"},"modified":"2021-04-15T11:16:11","modified_gmt":"2021-04-15T11:16:11","slug":"ocet-jablkowy","status":"publish","type":"product","link":"https:\/\/gurbacka.pl\/ecom\/product\/ocet-jablkowy\/","title":{"rendered":"Ocet jab\u0142kowy sekret zdrowia i urody &#8211; ebook"},"content":{"rendered":"","protected":false},"excerpt":{"rendered":"<p>Medycyna naturalna ma nam wiele do zaoferowania \u2013 tym wi\u0119cej, im bardziej zag\u0142\u0119biamy si\u0119 w to, czym leczyli si\u0119 nasi przodkowie. Cho\u0107 nie mieli aptek pe\u0142nych specyfik\u00f3w na ka\u017cd\u0105 dolegliwo\u015b\u0107, potrafili leczy\u0107 si\u0119 skutecznie przy wykorzystaniu tego, co oferowa\u0142a im natura. W taki spos\u00f3b powsta\u0142o, mi\u0119dzy innymi: zio\u0142olecznictwo, leczenie \u015bwiat\u0142em, kolorami, kamieniami, czy akupresura. Te dziedziny medycyny naturalnej w ostatnich latach prze\u017cywaj\u0105 prawdziwy renesans. Ta publikacja b\u0119dzie jednak o czym\u015b innym. G\u0142\u00f3wny bohater \u2013 ocet jab\u0142kowy \u2013 z roku na rok zyskuje na popularno\u015bci. Cho\u0107 wi\u0119kszo\u015b\u0107 z nas kojarzy go wy\u0142\u0105cznie z przypraw\u0105 lub ze specyfikiem wspomagaj\u0105cym odchudzanie, w rzeczywisto\u015bci zastosowanie octu jab\u0142kowego jest du\u017co szersze. W dalszej cz\u0119\u015bci publikacji znajdziesz kilkadziesi\u0105t zastosowa\u0144 octu jab\u0142kowego na mniej lub bardziej powa\u017cne dolegliwo\u015bci.<\/p>\n<h1>GWARANCJA SATYSFAKCJI<\/h1>\n<p>Je\u017celi ten zakup Ci\u0119 nie zachwyci, to\u00a0<strong>w ci\u0105gu 30 dni mo\u017cesz poprosi\u0107 o zwrot zap\u0142aty<\/strong>. Nie trzeba nic odsy\u0142a\u0107 ani wype\u0142nia\u0107 \u017cadnych dokument\u00f3w. Wystarczy napisa\u0107 do mnie maila, aby otrzyma\u0107 zwrot ca\u0142ej op\u0142aconej kwoty. Nie trzeba nic odsy\u0142a\u0107, poniewa\u017c s\u0105 to materia\u0142y elektroniczne.<\/p>\n","protected":false},"featured_media":3850,"template":"","meta":[],"product_brand":[],"product_cat":[36],"product_tag":[138],"class_list":{"0":"post-3849","1":"product","2":"type-product","3":"status-publish","4":"has-post-thumbnail","6":"product_cat-poradniki","7":"product_tag-ocet-jablkowy-sekret-zdrowia-i-urody-ebook","9":"first","10":"instock","11":"downloadable","12":"virtual","13":"sold-individually","14":"taxable","15":"purchasable","16":"product-type-simple"},"_links":{"self":[{"href":"https:\/\/gurbacka.pl\/ecom\/wp-json\/wp\/v2\/product\/3849","targetHints":{"allow":["GET"]}}],"collection":[{"href":"https:\/\/gurbacka.pl\/ecom\/wp-json\/wp\/v2\/product"}],"about":[{"href":"https:\/\/gurbacka.pl\/ecom\/wp-json\/wp\/v2\/types\/product"}],"wp:featuredmedia":[{"embeddable":true,"href":"https:\/\/gurbacka.pl\/ecom\/wp-json\/wp\/v2\/media\/3850"}],"wp:attachment":[{"href":"https:\/\/gurbacka.pl\/ecom\/wp-json\/wp\/v2\/media?parent=3849"}],"wp:term":[{"taxonomy":"product_brand","embeddable":true,"href":"https:\/\/gurbacka.pl\/ecom\/wp-json\/wp\/v2\/product_brand?post=3849"},{"taxonomy":"product_cat","embeddable":true,"href":"https:\/\/gurbacka.pl\/ecom\/wp-json\/wp\/v2\/product_cat?post=3849"},{"taxonomy":"product_tag","embeddable":true,"href":"https:\/\/gurbacka.pl\/ecom\/wp-json\/wp\/v2\/product_tag?post=3849"}],"curies":[{"name":"wp","href":"https:\/\/api.w.org\/{rel}","templated":true}]}}