{"id":3847,"date":"2020-01-27T16:59:19","date_gmt":"2020-01-27T16:59:19","guid":{"rendered":"http:\/\/gurbacka.pl\/sekrety\/?post_type=product&#038;p=3847"},"modified":"2021-04-15T11:16:22","modified_gmt":"2021-04-15T11:16:22","slug":"miod-slodkie-lekarstwo","status":"publish","type":"product","link":"https:\/\/gurbacka.pl\/ecom\/product\/miod-slodkie-lekarstwo\/","title":{"rendered":"Mi\u00f3d s\u0142odkie lekarstwo &#8211; ebook"},"content":{"rendered":"<h1>Mi\u00f3d s\u0142odkie lekarstwo &#8211; ebook<\/h1>\n<p>Naturalny, wytwarzany przez pszczo\u0142y mi\u00f3d ma szereg w\u0142a\u015bciwo\u015bci, z kt\u00f3rych najcz\u0119\u015bciej nie zdajemy sobie sprawy wykorzystuj\u0105c go codziennie w r\u00f3\u017cnych celach kulinarnych. Jest wyj\u0105tkow\u0105 skarbnic\u0105 cennych dla zdrowia sk\u0142adnik\u00f3w, kt\u00f3re sprawdzaj\u0105 si\u0119 zar\u00f3wno jako profilaktyka wielu chor\u00f3b, jak i jako wspomaganie leczenia wielu dolegliwo\u015bci. Wszyscy od czasu do czasu stosujemy go w kuchni do s\u0142odzenia napoj\u00f3w lub przyrz\u0105dzania r\u00f3\u017cnego rodzaju potraw. Po przeczytaniu tego poradnika z pewno\u015bci\u0105 cz\u0119\u015bciej b\u0119dziecie si\u0119ga\u0107 po mi\u00f3d.<\/p>\n","protected":false},"excerpt":{"rendered":"<p>O tym, \u017ce medycyna naturalna ma kolosalne znaczenie dla naszego zdrowia, nie trzeba nikogo przekonywa\u0107. Coraz ch\u0119tniej si\u0119gamy po naturalne metody terapii, cz\u0119sto zawiedzeni tym, co proponuje nam tradycyjna medycyna. Je\u017celi chcesz zadba\u0107 o sw\u00f3j organizm w spos\u00f3b wszechstronny i bez konieczno\u015bci wspomagania si\u0119 farmakologi\u0105, postaw na to, co daje nam natura. W tym celu warto zajrze\u0107 do ula&#8230;<\/p>\n<h1>GWARANCJA SATYSFAKCJI<\/h1>\n<p>Je\u017celi ten zakup Ci\u0119 nie zachwyci, to\u00a0<strong>w ci\u0105gu 30 dni mo\u017cesz poprosi\u0107 o zwrot zap\u0142aty<\/strong>. Nie trzeba nic odsy\u0142a\u0107 ani wype\u0142nia\u0107 \u017cadnych dokument\u00f3w. Wystarczy napisa\u0107 do mnie maila, aby otrzyma\u0107 zwrot ca\u0142ej op\u0142aconej kwoty. Nie trzeba nic odsy\u0142a\u0107, poniewa\u017c s\u0105 to materia\u0142y elektroniczne.<\/p>\n","protected":false},"featured_media":3848,"template":"","meta":[],"product_brand":[],"product_cat":[36],"product_tag":[139],"class_list":{"0":"post-3847","1":"product","2":"type-product","3":"status-publish","4":"has-post-thumbnail","6":"product_cat-poradniki","7":"product_tag-miod-slodkie-lekarstwo-ebook","9":"first","10":"instock","11":"downloadable","12":"virtual","13":"sold-individually","14":"taxable","15":"purchasable","16":"product-type-simple"},"_links":{"self":[{"href":"https:\/\/gurbacka.pl\/ecom\/wp-json\/wp\/v2\/product\/3847","targetHints":{"allow":["GET"]}}],"collection":[{"href":"https:\/\/gurbacka.pl\/ecom\/wp-json\/wp\/v2\/product"}],"about":[{"href":"https:\/\/gurbacka.pl\/ecom\/wp-json\/wp\/v2\/types\/product"}],"wp:featuredmedia":[{"embeddable":true,"href":"https:\/\/gurbacka.pl\/ecom\/wp-json\/wp\/v2\/media\/3848"}],"wp:attachment":[{"href":"https:\/\/gurbacka.pl\/ecom\/wp-json\/wp\/v2\/media?parent=3847"}],"wp:term":[{"taxonomy":"product_brand","embeddable":true,"href":"https:\/\/gurbacka.pl\/ecom\/wp-json\/wp\/v2\/product_brand?post=3847"},{"taxonomy":"product_cat","embeddable":true,"href":"https:\/\/gurbacka.pl\/ecom\/wp-json\/wp\/v2\/product_cat?post=3847"},{"taxonomy":"product_tag","embeddable":true,"href":"https:\/\/gurbacka.pl\/ecom\/wp-json\/wp\/v2\/product_tag?post=3847"}],"curies":[{"name":"wp","href":"https:\/\/api.w.org\/{rel}","templated":true}]}}