{"id":3843,"date":"2020-01-27T16:49:49","date_gmt":"2020-01-27T16:49:49","guid":{"rendered":"http:\/\/gurbacka.pl\/sekrety\/?post_type=product&#038;p=3843"},"modified":"2021-04-15T11:16:41","modified_gmt":"2021-04-15T11:16:41","slug":"zdrowe-jelita","status":"publish","type":"product","link":"https:\/\/gurbacka.pl\/ecom\/product\/zdrowe-jelita\/","title":{"rendered":"Zdrowe jelita &#8211; ebook"},"content":{"rendered":"","protected":false},"excerpt":{"rendered":"<p>M\u00f3zg \u2013 jeden z najwspanialszych organ\u00f3w cz\u0142owieka, warunkuj\u0105cy jego wy\u017cszo\u015b\u0107 nad innymi organizmami, uto\u017csamiany z inteligencj\u0105 oraz emocjonalno\u015bci\u0105. Jelita \u2013 chaotyczny zw\u00f3j s\u0142u\u017c\u0105cy do trawienia. Tylko tyle? O ile opinia na temat wyj\u0105tkowo\u015bci m\u00f3zgu nie jest oczywi\u015bcie przesadzona, o tyle umniejszanie roli jelit jest du\u017cym b\u0142\u0119dem. Dlaczego? Gdy\u017c w \u015bwietle najnowszych bada\u0144 jelita nazywane s\u0105 \u201edrugim m\u00f3zgiem\u201d! Ich kondycja w zauwa\u017calny spos\u00f3b oddzia\u0142uje na ca\u0142y organizm, determinuj\u0105c szereg objaw\u00f3w, kt\u00f3re ma\u0142o kto kojarzy z jelitami. B\u00f3le g\u0142owy i bezsenno\u015b\u0107, depresja, problemy sk\u00f3rne, choroby serca\u2026Tak, to wszystko mo\u017ce by\u0107 win\u0105 jelit &#8211; a raczej tego, jak je traktujemy.<\/p>\n<h1>GWARANCJA SATYSFAKCJI<\/h1>\n<p>Je\u017celi ten zakup Ci\u0119 nie zachwyci, to\u00a0<strong>w ci\u0105gu 30 dni mo\u017cesz poprosi\u0107 o zwrot zap\u0142aty<\/strong>. Nie trzeba nic odsy\u0142a\u0107 ani wype\u0142nia\u0107 \u017cadnych dokument\u00f3w. Wystarczy napisa\u0107 do mnie maila, aby otrzyma\u0107 zwrot ca\u0142ej op\u0142aconej kwoty. Nie trzeba nic odsy\u0142a\u0107, poniewa\u017c s\u0105 to materia\u0142y elektroniczne.<\/p>\n","protected":false},"featured_media":3844,"template":"","meta":[],"product_brand":[],"product_cat":[36],"product_tag":[141],"class_list":{"0":"post-3843","1":"product","2":"type-product","3":"status-publish","4":"has-post-thumbnail","6":"product_cat-poradniki","7":"product_tag-zdrowe-jelita-ebook","9":"first","10":"instock","11":"downloadable","12":"virtual","13":"sold-individually","14":"taxable","15":"purchasable","16":"product-type-simple"},"_links":{"self":[{"href":"https:\/\/gurbacka.pl\/ecom\/wp-json\/wp\/v2\/product\/3843","targetHints":{"allow":["GET"]}}],"collection":[{"href":"https:\/\/gurbacka.pl\/ecom\/wp-json\/wp\/v2\/product"}],"about":[{"href":"https:\/\/gurbacka.pl\/ecom\/wp-json\/wp\/v2\/types\/product"}],"wp:featuredmedia":[{"embeddable":true,"href":"https:\/\/gurbacka.pl\/ecom\/wp-json\/wp\/v2\/media\/3844"}],"wp:attachment":[{"href":"https:\/\/gurbacka.pl\/ecom\/wp-json\/wp\/v2\/media?parent=3843"}],"wp:term":[{"taxonomy":"product_brand","embeddable":true,"href":"https:\/\/gurbacka.pl\/ecom\/wp-json\/wp\/v2\/product_brand?post=3843"},{"taxonomy":"product_cat","embeddable":true,"href":"https:\/\/gurbacka.pl\/ecom\/wp-json\/wp\/v2\/product_cat?post=3843"},{"taxonomy":"product_tag","embeddable":true,"href":"https:\/\/gurbacka.pl\/ecom\/wp-json\/wp\/v2\/product_tag?post=3843"}],"curies":[{"name":"wp","href":"https:\/\/api.w.org\/{rel}","templated":true}]}}