{"id":3834,"date":"2020-01-27T16:22:48","date_gmt":"2020-01-27T16:22:48","guid":{"rendered":"http:\/\/gurbacka.pl\/sekrety\/?post_type=product&#038;p=3834"},"modified":"2021-04-15T11:17:26","modified_gmt":"2021-04-15T11:17:26","slug":"poznaj-moc-cytryny","status":"publish","type":"product","link":"https:\/\/gurbacka.pl\/ecom\/product\/poznaj-moc-cytryny\/","title":{"rendered":"Poznaj moc cytryny &#8211; ebook"},"content":{"rendered":"","protected":false},"excerpt":{"rendered":"<p>Cho\u0107 wi\u0119kszo\u015b\u0107 konsument\u00f3w kojarzy cytryn\u0119 g\u0142\u00f3wnie ze wzgl\u0119du na jej wysok\u0105 zawarto\u015b\u0107 witaminy C, w rzeczywisto\u015bci ma ona ca\u0142e mn\u00f3stwo innych cennych dla zdrowia sk\u0142adnik\u00f3w. W cytrynie znajduje si\u0119 sporo beta-karotenu, potasu, magnezu, sodu, \u017celaza, a tak\u017ce witamin z grupy B i witaminy E. W medycynie naturalnej cytryna stosowana by\u0142a powszechnie jako zewn\u0119trzny \u015brodek s\u0142u\u017c\u0105cy do odka\u017cania ran, leczenia zmian sk\u00f3rnych. Ze wzgl\u0119du na swoje w\u0142a\u015bciwo\u015bci bakteriob\u00f3jcze i aseptyczne przyspiesza\u0142a gojenie si\u0119 ran i obni\u017ca\u0142a ryzyko powstawania zaka\u017ce\u0144 bakteryjnych. Od dawna by\u0142a wykorzystywana r\u00f3wnie\u017c w kuchni, szczeg\u00f3lnie orientalnej i \u015br\u00f3dziemnomorskiej. Cytryna podkre\u015bla smak wielu potraw na bazie mi\u0119sa, owoc\u00f3w morza, warzyw i owoc\u00f3w. Je\u017celi skropimy ni\u0105 ryb\u0119, mo\u017cna ca\u0142kowicie usun\u0105\u0107 nieprzyjemny rybi zapach. Cytryna dodaje potrawom smaku, a jednocze\u015bnie zwi\u0119ksza ich w\u0142a\u015bciwo\u015bci od\u017cywcze i prozdrowotne.<\/p>\n<h1>GWARANCJA SATYSFAKCJI<\/h1>\n<p>Je\u017celi ten zakup Ci\u0119 nie zachwyci, to\u00a0<strong>w ci\u0105gu 30 dni mo\u017cesz poprosi\u0107 o zwrot zap\u0142aty<\/strong>. Nie trzeba nic odsy\u0142a\u0107 ani wype\u0142nia\u0107 \u017cadnych dokument\u00f3w. Wystarczy napisa\u0107 do mnie maila, aby otrzyma\u0107 zwrot ca\u0142ej op\u0142aconej kwoty. Nie trzeba nic odsy\u0142a\u0107, poniewa\u017c s\u0105 to materia\u0142y elektroniczne.<\/p>\n","protected":false},"featured_media":3835,"template":"","meta":[],"product_brand":[],"product_cat":[36],"product_tag":[145],"class_list":{"0":"post-3834","1":"product","2":"type-product","3":"status-publish","4":"has-post-thumbnail","6":"product_cat-poradniki","7":"product_tag-poznaj-moc-cytryny-ebook","9":"first","10":"instock","11":"downloadable","12":"virtual","13":"sold-individually","14":"taxable","15":"purchasable","16":"product-type-simple"},"_links":{"self":[{"href":"https:\/\/gurbacka.pl\/ecom\/wp-json\/wp\/v2\/product\/3834","targetHints":{"allow":["GET"]}}],"collection":[{"href":"https:\/\/gurbacka.pl\/ecom\/wp-json\/wp\/v2\/product"}],"about":[{"href":"https:\/\/gurbacka.pl\/ecom\/wp-json\/wp\/v2\/types\/product"}],"wp:featuredmedia":[{"embeddable":true,"href":"https:\/\/gurbacka.pl\/ecom\/wp-json\/wp\/v2\/media\/3835"}],"wp:attachment":[{"href":"https:\/\/gurbacka.pl\/ecom\/wp-json\/wp\/v2\/media?parent=3834"}],"wp:term":[{"taxonomy":"product_brand","embeddable":true,"href":"https:\/\/gurbacka.pl\/ecom\/wp-json\/wp\/v2\/product_brand?post=3834"},{"taxonomy":"product_cat","embeddable":true,"href":"https:\/\/gurbacka.pl\/ecom\/wp-json\/wp\/v2\/product_cat?post=3834"},{"taxonomy":"product_tag","embeddable":true,"href":"https:\/\/gurbacka.pl\/ecom\/wp-json\/wp\/v2\/product_tag?post=3834"}],"curies":[{"name":"wp","href":"https:\/\/api.w.org\/{rel}","templated":true}]}}