{"id":3832,"date":"2020-01-27T16:20:50","date_gmt":"2020-01-27T16:20:50","guid":{"rendered":"http:\/\/gurbacka.pl\/sekrety\/?post_type=product&#038;p=3832"},"modified":"2021-04-15T11:17:48","modified_gmt":"2021-04-15T11:17:48","slug":"cudowna-moc-cytryny","status":"publish","type":"product","link":"https:\/\/gurbacka.pl\/ecom\/product\/cudowna-moc-cytryny\/","title":{"rendered":"Cudowna moc cytryny &#8211; ebook"},"content":{"rendered":"","protected":false},"excerpt":{"rendered":"<p>Cytryna to pot\u0119\u017cny i najta\u0144szy na \u015bwiecie \u201esuperfood\u201d. Mo\u017cemy dosta\u0107 j\u0105 praktycznie w ka\u017cdym warzywniaku. Pomo\u017ce wzmocni\u0107 odporno\u015b\u0107 oraz wydolno\u015b\u0107 ca\u0142ego organizmu. Cytryn\u0119 mo\u017cna doda\u0107 do ogromnej ilo\u015bci da\u0144, dlatego wplecenie jej do swojej codziennej diety nie b\u0119dzie stanowi\u0142o problemu. Coraz wi\u0119ksza liczba os\u00f3b na ca\u0142ym \u015bwiecie zaczyna sw\u00f3j dzie\u0144 od szklanki wody z tym niesamowitym owocem. Nic dziwnego, za jej pomoc\u0105 mo\u017cna odkwasi\u0107 cia\u0142o, wzmocni\u0107 je ogromn\u0105 ilo\u015bci\u0105 witaminy C, zapobiec licznym chorobom, zadba\u0107 o swoj\u0105 urod\u0119 i straci\u0107 zb\u0119dne kilogramy. Chc\u0105c uzupe\u0142ni\u0107 jej zdrowotne dzia\u0142anie, warto doda\u0107 do niej troch\u0119 miodu. By\u0107 mo\u017ce jeste\u015b zdziwiona, \u017ce na temat cytryny istnieje tyle wiedzy, \u017ce da si\u0119 napisa\u0107 o niej ksi\u0105\u017ck\u0119. \u015awietnie to rozumiem, w ko\u0144cu wydawa\u0142oby si\u0119, \u017ce to tylko ma\u0142y, kwa\u015bny i banalny owoc, kt\u00f3ry mo\u017cna znale\u017a\u0107 w ka\u017cdej kuchni. Jednak wbrew pozorom, dzi\u0119ki swoim niesamowitym w\u0142a\u015bciwo\u015bciom i zastosowaniom cytryna zas\u0142uguje na uwag\u0119. Kiedy przeczytasz moje kompendium wiedzy na temat cytryny, w pe\u0142ni zrozumiesz jak wa\u017cna jest rola cytryny i dowiesz si\u0119, jak mo\u017cna j\u0105 w pe\u0142ni wykorzysta\u0107. Zapraszam do lektury!<\/p>\n<h1>GWARANCJA SATYSFAKCJI<\/h1>\n<p>Je\u017celi ten zakup Ci\u0119 nie zachwyci, to\u00a0<strong>w ci\u0105gu 30 dni mo\u017cesz poprosi\u0107 o zwrot zap\u0142aty<\/strong>. Nie trzeba nic odsy\u0142a\u0107 ani wype\u0142nia\u0107 \u017cadnych dokument\u00f3w. Wystarczy napisa\u0107 do mnie maila, aby otrzyma\u0107 zwrot ca\u0142ej op\u0142aconej kwoty. Nie trzeba nic odsy\u0142a\u0107, poniewa\u017c s\u0105 to materia\u0142y elektroniczne.<\/p>\n","protected":false},"featured_media":3833,"template":"","meta":[],"product_brand":[],"product_cat":[36],"product_tag":[146],"class_list":{"0":"post-3832","1":"product","2":"type-product","3":"status-publish","4":"has-post-thumbnail","6":"product_cat-poradniki","7":"product_tag-cudowna-moc-cytryny-ebook","9":"first","10":"instock","11":"downloadable","12":"virtual","13":"sold-individually","14":"taxable","15":"purchasable","16":"product-type-simple"},"_links":{"self":[{"href":"https:\/\/gurbacka.pl\/ecom\/wp-json\/wp\/v2\/product\/3832","targetHints":{"allow":["GET"]}}],"collection":[{"href":"https:\/\/gurbacka.pl\/ecom\/wp-json\/wp\/v2\/product"}],"about":[{"href":"https:\/\/gurbacka.pl\/ecom\/wp-json\/wp\/v2\/types\/product"}],"wp:featuredmedia":[{"embeddable":true,"href":"https:\/\/gurbacka.pl\/ecom\/wp-json\/wp\/v2\/media\/3833"}],"wp:attachment":[{"href":"https:\/\/gurbacka.pl\/ecom\/wp-json\/wp\/v2\/media?parent=3832"}],"wp:term":[{"taxonomy":"product_brand","embeddable":true,"href":"https:\/\/gurbacka.pl\/ecom\/wp-json\/wp\/v2\/product_brand?post=3832"},{"taxonomy":"product_cat","embeddable":true,"href":"https:\/\/gurbacka.pl\/ecom\/wp-json\/wp\/v2\/product_cat?post=3832"},{"taxonomy":"product_tag","embeddable":true,"href":"https:\/\/gurbacka.pl\/ecom\/wp-json\/wp\/v2\/product_tag?post=3832"}],"curies":[{"name":"wp","href":"https:\/\/api.w.org\/{rel}","templated":true}]}}