{"id":99398,"date":"2026-04-29T11:28:54","date_gmt":"2026-04-29T09:28:54","guid":{"rendered":"https:\/\/gurbacka.pl\/ecom\/?page_id=99398"},"modified":"2026-04-29T16:43:09","modified_gmt":"2026-04-29T14:43:09","slug":"11-przepisowdown","status":"publish","type":"page","link":"https:\/\/gurbacka.pl\/ecom\/11-przepisowdown\/","title":{"rendered":"11 przepis\u00f3w down"},"content":{"rendered":"<h2>OK! Rozumiem Twoj\u0105 decyzj\u0119&nbsp;<\/h2>\n<h2>Ale zanim przejdziesz dalej \u2014 pomy\u015bl, co jesz w momentach, kiedy nie masz czasu na pe\u0142ny posi\u0142ek\u2026<\/h2>\n<p>co\u015b \u201ena szybko\u201d?co\u015b s\u0142odkiego z szafki?albo po prostu cokolwiek, \u017ceby zabi\u0107 g\u0142\u00f3d?<\/p>\n<p>I to w\u0142a\u015bnie takie momenty psuj\u0105 efekty.<\/p>\n<p>Dlatego chc\u0119 Ci zaproponowa\u0107&nbsp; co\u015b du\u017co lepszegp ni\u017c desery\u2026<\/p>\n<h2>Lepsze batony<\/h2>\n<h2>26 PRZEPIS\u00f3W<\/h2>\n<p>Czyli zdrowe, szybkie przek\u0105ski, kt\u00f3re mo\u017cesz mie\u0107 zawsze pod r\u0119k\u0105<\/p>\n<p>robisz raz\u2026 i masz zdrowe przek\u0105ski na kilka dni zawsze pod r\u0119k\u0105&nbsp;zabierasz do pracy, samochodu, torebkizaspokajaj\u0105 g\u0142\u00f3d i ochot\u0119 na przek\u0105sk\u0119pomagaj\u0105 unikn\u0105\u0107 przypadkowego podjadania<\/p>\n<p>To pe\u0142nowarto\u015bciowe przek\u0105ski oparte na naturalnych sk\u0142adnikach, kt\u00f3re daj\u0105 syto\u015b\u0107, energi\u0119 i nie rozwalaj\u0105 Twojej diety.&nbsp; Mo\u017cesz je je\u015b\u0107 nawet codziennie, bez wyrzut\u00f3w sumienia.<\/p>\n<p><img fetchpriority=\"high\" decoding=\"async\" class=\"op3-element__image op3-element-image__image\" src=\"https:\/\/gurbacka.pl\/ecom\/wp-content\/uploads\/2026\/04\/batony-promo-634x1024.jpg\" alt=\"\" title=\"batony promo\" width=\"634\" height=\"1024\" data-op3-attachment-id=\"99407\" \/><\/p>\n<h2>Normalnie ten ebook kosztuje 29 z\u0142 ale tylko teraz, tu na tej stronie mo\u017cesz go doda\u0107 do zam\u00f3wienia za jedyne 9 z\u0142<\/h2>\n<p><a aria-label=\"Button link\" href=\"https:\/\/gurbacka.pl\/ecom\/cc-2\/cartflows_step\/vv-2\/\" class=\"op3-element__tcp--non-a op3-link op3-background-ancestor\" target=\"_self\"  data-op-action=\"link\" data-op3-smooth-scroll=\"0\" data-op-effect-style=\"\" data-op-effect-style-hover=\"\" data-op-courseaction=\"\">TAK, DODAJ\u0118 &#8220;LEPSZE BATONY&#8221;&nbsp; DO ZAM\u00f3WIENIA&nbsp;<\/a><\/p>\n<h2><a href=\"https:\/\/gurbacka.pl\/ecom\/cc\/cartflows_step\/vv\/\">Nie, dzi\u0119kuj\u0119. Zostaj\u0119 przy 11 przepisach. Wiem, \u017ce tej oferty ju\u017c nigdy nie zobacz\u0119.<\/a><\/h2>\n","protected":false},"excerpt":{"rendered":"<p>OK! Rozumiem Twoj\u0105 decyzj\u0119&nbsp; Ale zanim przejdziesz dalej \u2014 pomy\u015bl, co jesz w momentach, kiedy nie masz czasu na pe\u0142ny posi\u0142ek\u2026 co\u015b \u201ena szybko\u201d?co\u015b s\u0142odkiego z szafki?albo po prostu cokolwiek, \u017ceby zabi\u0107 g\u0142\u00f3d? I to w\u0142a\u015bnie takie momenty psuj\u0105 efekty. Dlatego chc\u0119 Ci zaproponowa\u0107&nbsp; co\u015b du\u017co lepszegp ni\u017c desery\u2026 Lepsze batony 26 PRZEPIS\u00f3W Czyli zdrowe, [&hellip;]<\/p>\n","protected":false},"author":1,"featured_media":0,"parent":0,"menu_order":0,"comment_status":"closed","ping_status":"closed","template":"op_builder_blank","meta":{"footnotes":""},"class_list":["post-99398","page","type-page","status-publish","hentry"],"_links":{"self":[{"href":"https:\/\/gurbacka.pl\/ecom\/wp-json\/wp\/v2\/pages\/99398","targetHints":{"allow":["GET"]}}],"collection":[{"href":"https:\/\/gurbacka.pl\/ecom\/wp-json\/wp\/v2\/pages"}],"about":[{"href":"https:\/\/gurbacka.pl\/ecom\/wp-json\/wp\/v2\/types\/page"}],"author":[{"embeddable":true,"href":"https:\/\/gurbacka.pl\/ecom\/wp-json\/wp\/v2\/users\/1"}],"replies":[{"embeddable":true,"href":"https:\/\/gurbacka.pl\/ecom\/wp-json\/wp\/v2\/comments?post=99398"}],"version-history":[{"count":10,"href":"https:\/\/gurbacka.pl\/ecom\/wp-json\/wp\/v2\/pages\/99398\/revisions"}],"predecessor-version":[{"id":99461,"href":"https:\/\/gurbacka.pl\/ecom\/wp-json\/wp\/v2\/pages\/99398\/revisions\/99461"}],"wp:attachment":[{"href":"https:\/\/gurbacka.pl\/ecom\/wp-json\/wp\/v2\/media?parent=99398"}],"curies":[{"name":"wp","href":"https:\/\/api.w.org\/{rel}","templated":true}]}}