{"id":99356,"date":"2026-04-28T18:04:21","date_gmt":"2026-04-28T16:04:21","guid":{"rendered":"https:\/\/gurbacka.pl\/ecom\/?page_id=99356"},"modified":"2026-04-29T16:39:46","modified_gmt":"2026-04-29T14:39:46","slug":"11przepisowup","status":"publish","type":"page","link":"https:\/\/gurbacka.pl\/ecom\/11przepisowup\/","title":{"rendered":"11 przepis\u00f3w up"},"content":{"rendered":"<h2>Poczekaj! Twoje zam\u00f3wienie nie jest jeszcze kompletne<\/h2>\n<h2>GRATULACJE<\/h2>\n<h2>Je\u015bli widzisz t\u0119 stron\u0119, to oznacza, \u017ce ju\u017c nied\u0142ugo b\u0119dziesz du\u017co l\u017cejsza<\/h2>\n<p>Wyobra\u017a sobie, \u017ce chudniesz kilogram co tydzie\u0144.Ubrania robi\u0105 si\u0119 lu\u017aniejsze. Brzuch si\u0119 zmniejsza. Wstajesz rano z energi\u0105, a wieczorem nie ci\u0105gnie Ci\u0119 do lod\u00f3wki.<\/p>\n<p>Tak b\u0119dzie wygl\u0105da\u0107 Twoja&nbsp; codzienno\u015b\u0107, kiedy zaczynasz je\u015b\u0107 w spos\u00f3b, kt\u00f3ry przyspiesza spalanie t\u0142uszczu\u2026 zamiast je blokowa\u0107.<\/p>\n<p>Ale jest jedna rzecz, kt\u00f3ra zawsze wszystko psuje.<\/p>\n<h2>Ochota na s\u0142odycze<\/h2>\n<p>I w\u0142a\u015bnie dlatego przygotowa\u0142am co\u015b, co pozwoli Ci raz na zawsze ogarn\u0105\u0107 ten problem\u2026 bez rezygnowania z przyjemno\u015bci p\u0142yn\u0105cej z jedzenia s\u0142odyczy.<\/p>\n<p><img fetchpriority=\"high\" decoding=\"async\" class=\"op3-element__image op3-element-image__image\" src=\"https:\/\/gurbacka.pl\/ecom\/wp-content\/uploads\/2026\/04\/deserycover-717x1024.jpg\" alt=\"\" title=\"deserycover\" width=\"717\" height=\"1024\" data-op3-attachment-id=\"99367\" \/><\/p>\n<p>Wyobra\u017a sobie, \u017ce masz pod r\u0119k\u0105 s\u0142odkie przek\u0105ski, po kt\u00f3re mo\u017cesz si\u0119gn\u0105\u0107 bez wyrzut\u00f3w sumienia, nawet wieczorem.&nbsp;<\/p>\n<p>Te przepisy zosta\u0142y stworzone dok\u0142adnie po to, \u017ceby zatrzyma\u0107 napady na podjadanie, ustabilizowa\u0107 apetyt i sprawi\u0107, \u017ce dieta robi si\u0119 przyjemna.<\/p>\n<p>&nbsp;To w\u0142a\u015bnie ten element, kt\u00f3ry sprawia, \u017ce jedne kobiety szybko rezygnuj\u0105\u2026 a inne ciesz\u0105 si\u0119 trwa\u0142ymi efektami.<\/p>\n<h2>Normalnie ten ebook z przepisami kosztuje 39 z\u0142 ale tylko teraz, tu na tej stronie mo\u017cesz go doda\u0107 do zam\u00f3wienia za jedyne 19 z\u0142<\/h2>\n<p><a aria-label=\"Button link\" href=\"https:\/\/gurbacka.pl\/ecom\/cc-2-2\/cartflows_step\/vv-2-2\/\" class=\"op3-element__tcp--non-a op3-link op3-background-ancestor\" target=\"_self\"  data-op-action=\"link\" data-op3-smooth-scroll=\"0\" data-op-effect-style=\"\" data-op-effect-style-hover=\"\" data-op-courseaction=\"\">TAK, DODAJ\u0118 DESERY DO ZAM\u00f3WIENIA&nbsp;<\/a><\/p>\n<h2><a href=\"https:\/\/gurbacka.pl\/ecom\/11-przepisowdown\/\">Nie, dzi\u0119kuj\u0119. Zostaj\u0119 przy 11 przepisach. Wiem, \u017ce tej oferty ju\u017c nigdy nie zobacz\u0119.<\/a><\/h2>\n","protected":false},"excerpt":{"rendered":"<p>Poczekaj! Twoje zam\u00f3wienie nie jest jeszcze kompletne GRATULACJE Je\u015bli widzisz t\u0119 stron\u0119, to oznacza, \u017ce ju\u017c nied\u0142ugo b\u0119dziesz du\u017co l\u017cejsza Wyobra\u017a sobie, \u017ce chudniesz kilogram co tydzie\u0144.Ubrania robi\u0105 si\u0119 lu\u017aniejsze. Brzuch si\u0119 zmniejsza. Wstajesz rano z energi\u0105, a wieczorem nie ci\u0105gnie Ci\u0119 do lod\u00f3wki. Tak b\u0119dzie wygl\u0105da\u0107 Twoja&nbsp; codzienno\u015b\u0107, kiedy zaczynasz je\u015b\u0107 w spos\u00f3b, kt\u00f3ry [&hellip;]<\/p>\n","protected":false},"author":1,"featured_media":0,"parent":0,"menu_order":0,"comment_status":"closed","ping_status":"closed","template":"op_builder_blank","meta":{"footnotes":""},"class_list":["post-99356","page","type-page","status-publish","hentry"],"_links":{"self":[{"href":"https:\/\/gurbacka.pl\/ecom\/wp-json\/wp\/v2\/pages\/99356","targetHints":{"allow":["GET"]}}],"collection":[{"href":"https:\/\/gurbacka.pl\/ecom\/wp-json\/wp\/v2\/pages"}],"about":[{"href":"https:\/\/gurbacka.pl\/ecom\/wp-json\/wp\/v2\/types\/page"}],"author":[{"embeddable":true,"href":"https:\/\/gurbacka.pl\/ecom\/wp-json\/wp\/v2\/users\/1"}],"replies":[{"embeddable":true,"href":"https:\/\/gurbacka.pl\/ecom\/wp-json\/wp\/v2\/comments?post=99356"}],"version-history":[{"count":14,"href":"https:\/\/gurbacka.pl\/ecom\/wp-json\/wp\/v2\/pages\/99356\/revisions"}],"predecessor-version":[{"id":99458,"href":"https:\/\/gurbacka.pl\/ecom\/wp-json\/wp\/v2\/pages\/99356\/revisions\/99458"}],"wp:attachment":[{"href":"https:\/\/gurbacka.pl\/ecom\/wp-json\/wp\/v2\/media?parent=99356"}],"curies":[{"name":"wp","href":"https:\/\/api.w.org\/{rel}","templated":true}]}}