{"id":78371,"date":"2025-06-04T15:25:48","date_gmt":"2025-06-04T15:25:48","guid":{"rendered":"https:\/\/gurbacka.pl\/ecom\/?page_id=78371"},"modified":"2025-06-11T12:41:32","modified_gmt":"2025-06-11T12:41:32","slug":"nowydetoksorganic","status":"publish","type":"page","link":"https:\/\/gurbacka.pl\/ecom\/nowydetoksorganic\/","title":{"rendered":"nowy-detoks"},"content":{"rendered":"<p><img fetchpriority=\"high\" decoding=\"async\" class=\"op3-element__image op3-element-image__image\" src=\"https:\/\/gurbacka.pl\/ecom\/wp-content\/uploads\/2024\/12\/detokscoverpage-788x1024.jpg\" alt=\"\" title=\"detokscoverpage\" width=\"788\" height=\"1024\" data-op3-attachment-id=\"71634\" \/><\/p>\n<p>\u201eEmpatyczna dietetyczka dzieli si\u0119 swoim\u2026<\/p>\n<h1>NOWYM detoksem witalnym, kt\u00f3ry&#8230;<\/h1>\n<p>wspiera naturaln\u0105 lekko\u015b\u0107, u\u0142atwia przej\u015bcie na zdrowsze nawyki i mo\u017ce by\u0107 pocz\u0105tkiem \u015bwiadomej zmiany stylu jedzenia.<\/p>\n<p><img decoding=\"async\" class=\"op3-element__image op3-element-image__image\" src=\"https:\/\/gurbacka.pl\/ecom\/wp-content\/uploads\/2024\/02\/89BB1950-F01B-48B1-8B0F-A732C5644706-e1734611470827-1024x989.jpeg\" alt=\"\" title=\"89BB1950-F01B-48B1-8B0F-A732C5644706\" width=\"980\" height=\"947\" data-op3-attachment-id=\"57393\" \/><\/p>\n<p>Katarzyna Gurbacka znana&nbsp; z tego, \u017ce potrafi upraszcza\u0107 codzienne wybory \u017cywieniowe w taki spos\u00f3b, by zdrowe jedzenie by\u0142o proste, przyjemne i mo\u017cliwe do utrzymania na co dzie\u0144 \u2013 nawet dla os\u00f3b, kt\u00f3re wcze\u015bniej mia\u0142y z tym trudno\u015b\u0107.<\/p>\n<h2>Obecnie mo\u017cesz pobra\u0107 ten detoks bezp\u0142atnie&nbsp;<\/h2>\n<p><a class=\"op3-link op3-background-ancestor\" target=\"_self\"  data-op-action=\"popoverlay\" data-op-popoverlay-trigger=\"cq4fZTSx\" data-op3-smooth-scroll=\"0\" data-op-effect-style=\"\" data-op-effect-style-hover=\"\" data-op-courseaction=\"\" href=\"#\">Zr\u00f3b detoks za darmo!<\/a><\/p>\n<h2>Ten detoks jest teraz dost\u0119pny bezp\u0142atnie \u2013 w ramach kampanii edukacyjnej promuj\u0105cej zdrowe nawyki.Regularna cena poza promocj\u0105 to 97 z\u0142.<\/h2>\n<p><a href=\"https:\/\/gurbacka.pl\/polityka-prywatnosci\/\" style=\"\">Polityka prywatno\u015bci<\/a> &#8211; <a href=\"https:\/\/gurbacka.pl\/regulamin\/\" style=\"\">Regulamin<\/a> &#8211; <a href=\"https:\/\/gurbacka.pl\/kontakt\/\" style=\"\">Kontakt<\/a><\/p>\n","protected":false},"excerpt":{"rendered":"<p>\u201eEmpatyczna dietetyczka dzieli si\u0119 swoim\u2026 NOWYM detoksem witalnym, kt\u00f3ry&#8230; wspiera naturaln\u0105 lekko\u015b\u0107, u\u0142atwia przej\u015bcie na zdrowsze nawyki i mo\u017ce by\u0107 pocz\u0105tkiem \u015bwiadomej zmiany stylu jedzenia. Katarzyna Gurbacka znana&nbsp; z tego, \u017ce potrafi upraszcza\u0107 codzienne wybory \u017cywieniowe w taki spos\u00f3b, by zdrowe jedzenie by\u0142o proste, przyjemne i mo\u017cliwe do utrzymania na co dzie\u0144 \u2013 nawet dla [&hellip;]<\/p>\n","protected":false},"author":1,"featured_media":0,"parent":0,"menu_order":0,"comment_status":"closed","ping_status":"closed","template":"op_builder_blank","meta":{"footnotes":""},"class_list":["post-78371","page","type-page","status-publish","hentry"],"_links":{"self":[{"href":"https:\/\/gurbacka.pl\/ecom\/wp-json\/wp\/v2\/pages\/78371","targetHints":{"allow":["GET"]}}],"collection":[{"href":"https:\/\/gurbacka.pl\/ecom\/wp-json\/wp\/v2\/pages"}],"about":[{"href":"https:\/\/gurbacka.pl\/ecom\/wp-json\/wp\/v2\/types\/page"}],"author":[{"embeddable":true,"href":"https:\/\/gurbacka.pl\/ecom\/wp-json\/wp\/v2\/users\/1"}],"replies":[{"embeddable":true,"href":"https:\/\/gurbacka.pl\/ecom\/wp-json\/wp\/v2\/comments?post=78371"}],"version-history":[{"count":4,"href":"https:\/\/gurbacka.pl\/ecom\/wp-json\/wp\/v2\/pages\/78371\/revisions"}],"predecessor-version":[{"id":78377,"href":"https:\/\/gurbacka.pl\/ecom\/wp-json\/wp\/v2\/pages\/78371\/revisions\/78377"}],"wp:attachment":[{"href":"https:\/\/gurbacka.pl\/ecom\/wp-json\/wp\/v2\/media?parent=78371"}],"curies":[{"name":"wp","href":"https:\/\/api.w.org\/{rel}","templated":true}]}}