{"id":57992,"date":"2024-03-12T10:38:35","date_gmt":"2024-03-12T10:38:35","guid":{"rendered":"https:\/\/gurbacka.pl\/ecom\/?page_id=57992"},"modified":"2024-03-12T10:45:13","modified_gmt":"2024-03-12T10:45:13","slug":"webinar-mail","status":"publish","type":"page","link":"https:\/\/gurbacka.pl\/ecom\/webinar-mail\/","title":{"rendered":"Nowy spos\u00f3b wychodzenia z nadwagi |mail"},"content":{"rendered":"<h2>Katarzyna Gurbacka zaprasza na webinar&#8230;<\/h2>\n<h2>&#8220;NOWY SPOS\u00f3B WYCHODZENIA Z OTY\u0142O\u015aCI I DU\u017bEJ NADWAGI.<\/h2>\n<h2>Specjalnie dla os\u00f3b z &nbsp;insulinooporno\u015bci\u0105, Hashimoto, niedoczynno\u015bci\u0105 tarczycy i innymi problemami utrudniaj\u0105cymi utrzymanie zdrowej wagi.&#8221;<\/h2>\n<p>ZAREJESTRUJ SI\u0118 NA WEBINAR!<\/p>\n<p>Zaczynamy ju\u017c za chwil\u0119:)<\/p>\n<p><img decoding=\"async\" class=\"op3-element__image op3-element-image__image\" src=\"https:\/\/gurbacka.pl\/ecom\/wp-content\/uploads\/2022\/10\/cropped-kasiaface-300x300-1.png\" alt=\"\" title=\"cropped-kasiaface.png\" width=\"1140\" data-op3-attachment-id=\"5114\" \/><\/p>\n<p><a href=\"https:\/\/gurbacka.pl\/polityka-prywatnosci\/\">Polityka prywatno\u015bci<\/a> &#8211; <a href=\"https:\/\/gurbacka.pl\/regulamin\/\">Regulamin<\/a> &#8211; <a href=\"https:\/\/gurbacka.pl\/kontakt\/\">Kontakt<\/a><\/p>\n","protected":false},"excerpt":{"rendered":"<p>Katarzyna Gurbacka zaprasza na webinar&#8230; &#8220;NOWY SPOS\u00f3B WYCHODZENIA Z OTY\u0142O\u015aCI I DU\u017bEJ NADWAGI. Specjalnie dla os\u00f3b z &nbsp;insulinooporno\u015bci\u0105, Hashimoto, niedoczynno\u015bci\u0105 tarczycy i innymi problemami utrudniaj\u0105cymi utrzymanie zdrowej wagi.&#8221; ZAREJESTRUJ SI\u0118 NA WEBINAR! Zaczynamy ju\u017c za chwil\u0119:) Polityka prywatno\u015bci &#8211; Regulamin &#8211; Kontakt<\/p>\n","protected":false},"author":1,"featured_media":0,"parent":0,"menu_order":0,"comment_status":"closed","ping_status":"closed","template":"op_builder_blank","meta":{"footnotes":""},"class_list":["post-57992","page","type-page","status-publish","hentry"],"_links":{"self":[{"href":"https:\/\/gurbacka.pl\/ecom\/wp-json\/wp\/v2\/pages\/57992","targetHints":{"allow":["GET"]}}],"collection":[{"href":"https:\/\/gurbacka.pl\/ecom\/wp-json\/wp\/v2\/pages"}],"about":[{"href":"https:\/\/gurbacka.pl\/ecom\/wp-json\/wp\/v2\/types\/page"}],"author":[{"embeddable":true,"href":"https:\/\/gurbacka.pl\/ecom\/wp-json\/wp\/v2\/users\/1"}],"replies":[{"embeddable":true,"href":"https:\/\/gurbacka.pl\/ecom\/wp-json\/wp\/v2\/comments?post=57992"}],"version-history":[{"count":4,"href":"https:\/\/gurbacka.pl\/ecom\/wp-json\/wp\/v2\/pages\/57992\/revisions"}],"predecessor-version":[{"id":60658,"href":"https:\/\/gurbacka.pl\/ecom\/wp-json\/wp\/v2\/pages\/57992\/revisions\/60658"}],"wp:attachment":[{"href":"https:\/\/gurbacka.pl\/ecom\/wp-json\/wp\/v2\/media?parent=57992"}],"curies":[{"name":"wp","href":"https:\/\/api.w.org\/{rel}","templated":true}]}}