{"id":51272,"date":"2023-06-26T12:51:38","date_gmt":"2023-06-26T12:51:38","guid":{"rendered":"https:\/\/gurbacka.pl\/ecom\/?page_id=51272"},"modified":"2023-06-28T10:32:17","modified_gmt":"2023-06-28T10:32:17","slug":"nowysposob","status":"publish","type":"page","link":"https:\/\/gurbacka.pl\/ecom\/nowysposob\/","title":{"rendered":"Nowy spos\u00f3b wychodzenia z oty\u0142o\u015bci"},"content":{"rendered":"<p>To  BEZP\u0141ATNE szkolenie odb\u0119dzie si\u0119 ju\u017c DZISIAJ! Zapisz si\u0119 teraz!<\/p>\n<h2>NOWY SPOS\u00f3B WYCHODZENIA Z OTY\u0141O\u015aCI I DU\u017bEJ NADWAGI<\/h2>\n<h2>UWAGA: Szkolenie specjalnie dla os\u00f3b z  insulinooporno\u015bci\u0105, Hashimoto, niedoczynno\u015bci\u0105 tarczycy i innymi problemami utrudniaj\u0105cymi utrzymanie zdrowej wagi.<\/h2>\n<h2>ZE SZKOLENIA DOWIESZ SI\u0118:<\/h2>\n<p>Jak dostosowa\u0107 diet\u0119 DO SWOICH potrzeb zdrowotnych?Na czym polega sekret zwi\u0119kszenia poziomu energii, kt\u00f3ry pozwala&nbsp; cieszy\u0107 si\u0119 codziennymi czynno\u015bciami bez uczucia wyczerpania&#8230;Jak odkry\u0107 drog\u0119 do odzyskania pewno\u015bci siebie i POCZUCIA DUMY ze swojego cia\u0142a.<img decoding=\"async\" src=\"https:\/\/gurbacka.pl\/ecom\/wp-content\/uploads\/2023\/05\/webby.png\" alt=\"\" title=\"webby\" width=\"343\" height=\"79\" data-op3-attachment-id=\"50763\" \/><img fetchpriority=\"high\" decoding=\"async\" src=\"https:\/\/gurbacka.pl\/ecom\/wp-content\/uploads\/2023\/05\/kate-300x300.jpeg\" alt=\"\" title=\"kate\" width=\"300\" height=\"300\" data-op3-attachment-id=\"50766\" \/><\/p>\n<p>Najnowsze szkolenie z:<\/p>\n<h2>Katarzyn\u0105 Gurback\u0105<\/h2>\n<p>Dietetykiem i propagatork\u0105 zdrowego stylu \u017cycia<\/p>\n<h2>Podaj sw\u00f3j adres e-mail, aby si\u0119 zarejestrowa\u0107 i zapewni\u0107 sobie udzia\u0142 w tym prze\u0142omowym wydarzeniu.&nbsp;<\/h2>\n<p><img decoding=\"async\" src=\"https:\/\/gurbacka.pl\/ecom\/wp-content\/uploads\/2023\/05\/strielka-300x56.png\" alt=\"\" title=\"strielka\" width=\"514.953\" data-op3-attachment-id=\"50769\" \/><\/p>\n<p>  window._wf = window._wf || [];<br \/>\n  _wf.push({ id: &#8216;vHYko9ZLcwzBujs6t2WWQJBH&#8217; });<\/p>\n<p><a href=\"https:\/\/gurbacka.pl\/polityka-prywatnosci\/\">Polityka prywatno\u015bci<\/a> &#8211; <a href=\"https:\/\/gurbacka.pl\/regulamin\/\">Regulamin<\/a> &#8211; <a href=\"https:\/\/gurbacka.pl\/kontakt\/\">Kontakt<\/a><\/p>\n","protected":false},"excerpt":{"rendered":"<p>To BEZP\u0141ATNE szkolenie odb\u0119dzie si\u0119 ju\u017c DZISIAJ! Zapisz si\u0119 teraz! NOWY SPOS\u00f3B WYCHODZENIA Z OTY\u0141O\u015aCI I DU\u017bEJ NADWAGI UWAGA: Szkolenie specjalnie dla os\u00f3b z insulinooporno\u015bci\u0105, Hashimoto, niedoczynno\u015bci\u0105 tarczycy i innymi problemami utrudniaj\u0105cymi utrzymanie zdrowej wagi. ZE SZKOLENIA DOWIESZ SI\u0118: Jak dostosowa\u0107 diet\u0119 DO SWOICH potrzeb zdrowotnych?Na czym polega sekret zwi\u0119kszenia poziomu energii, kt\u00f3ry pozwala&nbsp; cieszy\u0107 [&hellip;]<\/p>\n","protected":false},"author":1,"featured_media":0,"parent":0,"menu_order":0,"comment_status":"closed","ping_status":"closed","template":"op_builder_blank","meta":{"footnotes":""},"class_list":["post-51272","page","type-page","status-publish","hentry"],"_links":{"self":[{"href":"https:\/\/gurbacka.pl\/ecom\/wp-json\/wp\/v2\/pages\/51272","targetHints":{"allow":["GET"]}}],"collection":[{"href":"https:\/\/gurbacka.pl\/ecom\/wp-json\/wp\/v2\/pages"}],"about":[{"href":"https:\/\/gurbacka.pl\/ecom\/wp-json\/wp\/v2\/types\/page"}],"author":[{"embeddable":true,"href":"https:\/\/gurbacka.pl\/ecom\/wp-json\/wp\/v2\/users\/1"}],"replies":[{"embeddable":true,"href":"https:\/\/gurbacka.pl\/ecom\/wp-json\/wp\/v2\/comments?post=51272"}],"version-history":[{"count":3,"href":"https:\/\/gurbacka.pl\/ecom\/wp-json\/wp\/v2\/pages\/51272\/revisions"}],"predecessor-version":[{"id":51277,"href":"https:\/\/gurbacka.pl\/ecom\/wp-json\/wp\/v2\/pages\/51272\/revisions\/51277"}],"wp:attachment":[{"href":"https:\/\/gurbacka.pl\/ecom\/wp-json\/wp\/v2\/media?parent=51272"}],"curies":[{"name":"wp","href":"https:\/\/api.w.org\/{rel}","templated":true}]}}