{"id":47603,"date":"2022-12-06T08:36:42","date_gmt":"2022-12-06T08:36:42","guid":{"rendered":"https:\/\/gurbacka.pl\/ecom\/?page_id=47603"},"modified":"2022-12-06T08:45:57","modified_gmt":"2022-12-06T08:45:57","slug":"zimaexp","status":"publish","type":"page","link":"https:\/\/gurbacka.pl\/ecom\/zimaexp\/","title":{"rendered":"P\u0141ASKI BRZUCH ZIMA 2022"},"content":{"rendered":"<p>NIESTETY MUSIA\u0141AM PODNIE\u015a\u0106 CEN\u0118, ALE TO WCI\u0104\u017b WSPANIA\u0141A OKAZJA!<\/p>\n<h2>Katarzyna gurbacka, ekspert DS. zdrowego odchudzania przedstawia SW\u00f3J&nbsp;najnowszY&nbsp;program ODCHUDZAJ\u0104CY&#8230;&nbsp;<\/h2>\n<h2>p\u0142aski brzuch&nbsp;WYZWANIE 12-DNIOWE<\/h2>\n<h2>NAJNOWsZA EDYCJA &#8211; ZIMA 2022<\/h2>\n<p><img fetchpriority=\"high\" decoding=\"async\" src=\"https:\/\/gurbacka.pl\/ecom\/wp-content\/uploads\/2022\/11\/dziunia-514x1024-1.jpg\" alt=\"\" title=\"dziunia-514x1024-1\" width=\"514\" height=\"1024\" data-op3-attachment-id=\"40567\" \/><\/p>\n<h2>Wszystko ju\u017c si\u0119 zacz\u0119\u0142o, ale jeszcze przez kilka godzin mo\u017cesz do nas do\u0142\u0105czy\u0107.<\/h2>\n<h2>Cena wzro\u015bnie, jak tylko licznik dojdzie do zera!<\/h2>\n<h2>197 129 Z\u0141<\/h2>\n<p><a class=\"op3-background-ancestor\" target=\"_self\" data-op-action=\"popoverlay\" data-op-popoverlay-trigger=\"ct58wDHO\" data-op-animation-trigger=\"none\" data-op-animation-style=\"\" data-op-animation-loop=\"0\" data-op-timer-minutes=\"0\" data-op-timer-seconds=\"0\" data-op3-smooth-scroll=\"\" data-op-effect-style=\"\" data-op-effect-style-hover=\"\" data-op-courseaction=\"\" href=\"#\" rel=\"noopener\">ZAREZERWUJ MIEJSCE!<\/a><\/p>\n<h2>OTO CO DOK\u0141ADNIE DOSTAJESZ&#8230;<\/h2>\n<p>Plan Posi\u0142k\u00f3w na 12 dni&nbsp; zwyk\u0142y i wegetaria\u0144ski. &nbsp;Tak opracowany , aby dostarcza\u0142 razem z po\u017cywieniem du\u017c\u0105 dawk\u0119 witamin, sk\u0142adnik\u00f3w mineralnych oraz&nbsp;produkt\u00f3w przyspieszaj\u0105ce spalanie t\u0142uszczu. Jedz zgodnie z moim jad\u0142ospisem, a ju\u017c za kilka dni zobaczysz piorunuj\u0105ce efekty.&nbsp;Ponad 30 przepis\u00f3w kulinarnych, kt\u00f3re zaplanowa\u0142am tak,&nbsp;aby\u015b nie musia\u0142a du\u017co czasu sp\u0119dza\u0107 w kuchni. Niekt\u00f3re dania b\u0119dziesz mog\u0142a podzieli\u0107 na kilka porcji i je\u015b\u0107 przez kilka dni, dzi\u0119ki czemu zaoszcz\u0119dzisz du\u017co czasu i zyskasz chwil\u0119 dla siebie.&nbsp;Lista posi\u0142k\u00f3w do przypi\u0119cia &#8220;na lod\u00f3wk\u0119&#8221;, dzi\u0119ki czemu zawsze b\u0119dziesz wiedzia\u0142a co masz zje\u015b\u0107.List\u0119 zakup\u00f3w, dzi\u0119ki kt\u00f3rej&nbsp;potrzebne produkty b\u0119dziesz mia\u0142a zawsze pod r\u0119k\u0105 i&nbsp;unikniesz zast\u0119powania ich czym\u015b niezdrowym.&nbsp;Lista zamiennik\u00f3w, aby\u015b wiedzia\u0142a co zrobi\u0107 je\u015bli czego\u015b nie mo\u017cesz je\u015b\u0107.Specjalny dzienniczek motywacyjny,&nbsp;dzi\u0119ki kt\u00f3remu b\u0119dzie Ci&nbsp; \u0142atwiej budowa\u0107 dobre nawyki.<\/p>\n<h2>ZOBACZ TYLKO, CO B\u0118DZIEMY JE\u015a\u0106&#8230;<\/h2>\n<p>Zobacz co b\u0119dziemy je\u015b\u0107 w tej edycji 12-DNIOWEGO WYZWANIA, a to tylko ma\u0142a cz\u0119\u015b\u0107 tego co przygotowa\u0142am.&nbsp;<\/p>\n<h2>Kanapki<\/h2>\n<p><img decoding=\"async\" src=\"https:\/\/gurbacka.pl\/ecom\/wp-content\/uploads\/2022\/12\/Untitled-design-27-1024x1024.jpg\" alt=\"\" title=\"Untitled design-27\" width=\"980\" height=\"980\" data-op3-attachment-id=\"47594\" \/><\/p>\n<h2>Jednogarnkowe<\/h2>\n<p><img decoding=\"async\" src=\"https:\/\/gurbacka.pl\/ecom\/wp-content\/uploads\/2022\/12\/Untitled-design-28-1024x1024.jpg\" alt=\"\" title=\"Untitled design-28\" width=\"980\" height=\"980\" data-op3-attachment-id=\"47593\" \/><\/p>\n<h2>Omlety<\/h2>\n<p><img loading=\"lazy\" decoding=\"async\" src=\"https:\/\/gurbacka.pl\/ecom\/wp-content\/uploads\/2022\/12\/Untitled-design-29-1024x1024.jpg\" alt=\"\" title=\"Untitled design-29\" width=\"980\" height=\"980\" data-op3-attachment-id=\"47592\" \/><\/p>\n<h2>Zupy<\/h2>\n<p><img loading=\"lazy\" decoding=\"async\" src=\"https:\/\/gurbacka.pl\/ecom\/wp-content\/uploads\/2022\/12\/Untitled-design-30-1024x1024.jpg\" alt=\"\" title=\"Untitled design-30\" width=\"980\" height=\"980\" data-op3-attachment-id=\"47591\" \/><\/p>\n<h2>Kebab<\/h2>\n<p><img loading=\"lazy\" decoding=\"async\" src=\"https:\/\/gurbacka.pl\/ecom\/wp-content\/uploads\/2022\/12\/Untitled-design-31-1024x1024.jpg\" alt=\"\" title=\"Untitled design-31\" width=\"980\" height=\"980\" data-op3-attachment-id=\"47590\" \/><\/p>\n<h2>Koktajle<\/h2>\n<p><img loading=\"lazy\" decoding=\"async\" src=\"https:\/\/gurbacka.pl\/ecom\/wp-content\/uploads\/2022\/12\/Untitled-design-32-1024x1024.jpg\" alt=\"\" title=\"Untitled design-32\" width=\"980\" height=\"980\" data-op3-attachment-id=\"47589\" \/><\/p>\n<h2>Dania od\u017cywcze<\/h2>\n<p><img loading=\"lazy\" decoding=\"async\" src=\"https:\/\/gurbacka.pl\/ecom\/wp-content\/uploads\/2022\/12\/Untitled-design-33-1024x1024.jpg\" alt=\"\" title=\"Untitled design-33\" width=\"980\" height=\"980\" data-op3-attachment-id=\"47588\" \/><\/p>\n<h2>Nale\u015bniki<\/h2>\n<p><img loading=\"lazy\" decoding=\"async\" src=\"https:\/\/gurbacka.pl\/ecom\/wp-content\/uploads\/2022\/10\/fo8-1024x1024.jpg\" alt=\"\" title=\"fo8\" width=\"980\" height=\"980\" data-op3-attachment-id=\"37235\" \/><\/p>\n<p>Ale to nie wszystko&#8230;<\/p>\n<h2>ZAPROSZENIE DO GRUPY WSPARCIA&nbsp;NA FACEBOOKU<\/h2>\n<p>Ka\u017cda uczestniczka otrzymuje zaproszenie do naszej grupy wsparcia na Facebooku.<\/p>\n<p>Dzi\u0119ki temu&nbsp;b\u0119dzie mo\u017cna zaprzyja\u017ani\u0107 si\u0119, wspiera\u0107 i wymienia\u0107 do\u015bwiadczenia z innymi uczestniczkami.&nbsp;&nbsp;B\u0119dzie mo\u017cna uzyska\u0107&nbsp;&nbsp;wsparcie i pomoc&nbsp;od innych os\u00f3b&nbsp;zmagaj\u0105cych si\u0119 z tymi samymi problemami.Szybko odpowiemy na ka\u017cde pytanie&nbsp;tak, \u017ce nigdy nie utkniesz w miejscu, zastanawiaj\u0105c si\u0119 co robi\u0107 dalej&#8230;Dodatkowo&nbsp;dostaniesz&nbsp;mn\u00f3stwo inspiracji i motywacji&nbsp;od innych uczestniczek.Bezpo\u015bredni dost\u0119p do mnie i do cz\u0142onk\u00f3w mojego zespo\u0142u&nbsp;i przez ca\u0142y czas mo\u017cesz liczy\u0107 na nasz\u0105 pomoc.&nbsp;&nbsp;<\/p>\n<p>Uczestniczki poprzednich edycji WYZWANIA 12-DNIOWEGO&nbsp; uwielbiaj\u0105 t\u0119 grup\u0119 i wspania\u0142e, wspieraj\u0105ce \u015brodowisko, kt\u00f3re uda\u0142o nam si\u0119 stworzy\u0107.<\/p>\n<p>B\u0119dzie mn\u00f3stwo zabawy, pozytywnej energii i nowych przyja\u017ani.<\/p>\n<p>Ale gdyby to Ci nie wystarczy\u0142o to w grupie na Facebooku zadbamy tak\u017ce o &#8230;<\/p>\n<h2>CODZIENN\u0104 DAWK\u0118 RUCHU I HORMON\u00d3W SZCZ\u0118\u015aCIA &nbsp;<\/h2>\n<p>Na tym wyzwaniu&nbsp;nie musisz \u0107wiczy\u0107,&nbsp;jednak je\u015bli&nbsp; b\u0119dziesz mia\u0142a ochot\u0119 troch\u0119 si\u0119 porusza\u0107 to mam dla Ciebie co\u015b specjalnego.<\/p>\n<p>W naszym wirtualnym klubie fitness czeka na Ciebie a\u017c 6 trening\u00f3w na p\u0142aski mocny brzuch i silne po\u015bladki.<\/p>\n<p>Wszystkich treningi s\u0105 dost\u0119pne online&nbsp; i mo\u017cesz \u0107wiczy\u0107 w najdogodniejszym dla Ciebie czasie.&nbsp;<\/p>\n<p><img loading=\"lazy\" decoding=\"async\" src=\"https:\/\/gurbacka.pl\/ecom\/wp-content\/uploads\/2022\/08\/pbtrening-1-901x1024-1.jpg\" alt=\"\" title=\"pbtrening-1-901x1024\" width=\"901\" height=\"1024\" data-op3-attachment-id=\"33951\" \/><\/p>\n<p>A gdyby tego jeszcze by\u0142o ma\u0142o to w poniedzia\u0142ek dodatkowo zapraszam na pogadank\u0119 z nasz\u0105 dietetyk Ann\u0105 Sternick\u0105. Dowiesz si\u0119 z niej jak wyci\u0105gn\u0105\u0107 z tego wyzwania maksymalne efekty.<\/p>\n<p><img loading=\"lazy\" decoding=\"async\" src=\"https:\/\/gurbacka.pl\/ecom\/wp-content\/uploads\/2022\/06\/ania.jpg\" alt=\"\" title=\"ania\" width=\"1080\" height=\"1080\" data-op3-attachment-id=\"32513\" \/><\/p>\n<p>Wi\u0119c jak sama widzisz&#8230;<\/p>\n<p>B\u0119dziemy Ci\u0119 wspiera\u0107 na ka\u017cdym kroku tak, \u017ce nawet na chwil\u0119 nie zostaniesz sama\u2026&nbsp;&nbsp;<\/p>\n<p>Wiele program\u00f3w polega na tym, \u017ce daj\u0105 Ci po prostu rozpisan\u0105 diet\u0119 i zestaw \u0107wicze\u0144, ale bez odpowiedniego wsparcia. &nbsp;<\/p>\n<p>Co jest bardzo s\u0142abe, poniewa\u017c ka\u017cda z nas jest inna i inaczej reaguje. &nbsp;<\/p>\n<p>I dlatego, kiedy wydarzy si\u0119 co\u015b niespodziewanego, to bardzo \u0142atwo wypadamy z rytmu i p\u00f3\u017aniej trudno jest powr\u00f3ci\u0107 na w\u0142a\u015bciwe tory.&nbsp;<\/p>\n<p>Dlatego przez ca\u0142y czas ja i m\u00f3j zesp\u00f3\u0142 b\u0119dziemy ze wszystkich si\u0142 pomaga\u0107&nbsp;Ci przej\u015b\u0107 przez ten program.&nbsp;<\/p>\n<p>Postanowi\u0142y\u015bmy, \u017ce b\u0119dziemy wspiera\u0107 Ci\u0119 na g\u0142\u0119bszym, bardziej osobistym poziomie tak, aby\u015b na pewno osi\u0105gn\u0119\u0142a rezultaty, na kt\u00f3rych Ci zale\u017cy.Dlatego, na ka\u017cde pytanie dostaniesz szczeg\u00f3\u0142ow\u0105 i wyczerpuj\u0105c\u0105 odpowied\u017a.&nbsp;<\/p>\n<p>Nigdy nie pozostawimy Ci\u0119 z w\u0105tpliwo\u015bciami na temat tego, co dalej powinna\u015b zrobi\u0107.<\/p>\n<p>Dostaniesz wszystko, co b\u0119dzie Ci potrzebne, aby Twoje WYZWANIE zako\u0144czy\u0142o si\u0119 sukcesem&#8230;<\/p>\n<h2>JAK DO\u0141\u0104CZY\u0106 DO TEGO PROGRAMU?<\/h2>\n<p>Jak ju\u017c pisa\u0142am, przygotowa\u0142am dla Ciebie specjaln\u0105 obni\u017con\u0105 cen\u0119.<\/p>\n<p>Koszt skutecznej, 12-dniowej diety wraz z pysznymi przepisami, opracowanej przez specjalist\u0119 dietetyka to conajmniej 200 z\u0142.Te wszystkie treningi online, w kt\u00f3rych b\u0119dziesz mog\u0142a wzi\u0105\u0107 udzia\u0142 bez wychodzenia z domu i bez obawy, \u017ce kto\u015b b\u0119dzie Ci\u0119 ocenia\u0142 mog\u0142abym sprzedawa\u0107 conajmniej za 500 z\u0142.Szkolenie prowadzone przez Ani\u0119 jest warte conajmniej 200 z\u0142Warto\u015b\u0107 wsparcia i motywacji, kt\u00f3r\u0105 otrzymasz w naszej grupie na Facebooku \u2014&nbsp;bezcenna.<\/p>\n<p>Razem daje to nam ca\u0142kiem spor\u0105 kwot\u0119 900 z\u0142, ale &nbsp;Ty oczywi\u015bcie nie b\u0119dziesz musia\u0142a tyle zap\u0142aci\u0107, je\u015bli tylko&#8230;<\/p>\n<p>szybko podejmiesz decyzj\u0119.<\/p>\n<p>P\u0141ASKI BRZUCH&nbsp; WYZWANIE 12-DNIOWE normalnie b\u0119dzie sprzedawane w cenie 197 z\u0142.<\/p>\n<p>Ale dla moich wiernych s\u0142uchaczek i czytelniczek zorganizowa\u0142am przedsprzeda\u017c.<\/p>\n<p>W czasie trwania przedsprzeda\u017cy mo\u017cesz do nas <a data-op-action=\"popoverlay\" data-op-popoverlay-trigger=\"ct58wDHO\" href=\"#\">do\u0142\u0105czy\u0107 w specjalnej cenie 129 z\u0142.<\/a><\/p>\n<p>Wszystkie materia\u0142y otrzymasz w formie e-book\u00f3w (*pdf)&nbsp; natychmiast po przyj\u0119ciu wp\u0142aty na adres e-mail podany w zam\u00f3wieniu. E-mailem dostaniesz te\u017c zaproszenie do zamkni\u0119tej grupy wsparcia na Facebooku (trwa to zazwyczaj kilka sekund). &nbsp;<\/p>\n<p>Aha, gdyby\u015b jeszcze si\u0119 zastanawia\u0142a&#8230;<\/p>\n<h2>NIE MA \u017bADNYCH HACZYK\u00d3W<\/h2>\n<p>Wiem, \u017ce s\u0105 w Internecie strony, kt\u00f3re oferuj\u0105 atrakcyjne rzeczy w super cenach lub za darmo, a potem jak kto\u015b ju\u017c skorzysta, to domagaj\u0105 si\u0119 np. miesi\u0119cznej op\u0142aty.<\/p>\n<p>Tutaj to Ci\u0119 nie spotka.<\/p>\n<p>Nie ma tu \u017cadnych haczyk\u00f3w ani \u017cadnych dodatkowych zobowi\u0105za\u0144 z Twojej strony. Daj\u0119 Ci te wszystkie materia\u0142y za jedyne 97 z\u0142, poniewa\u017c mam nadziej\u0119, \u017ce je zastosujesz, b\u0119dziesz zachwycona efektami i b\u0119dziesz poleca\u0107 mnie wszystkim swoim kole\u017cankom i znajomym.<\/p>\n<p>Mam nadziej\u0119, \u017ce podejdziesz powa\u017cnie do tego programu i b\u0119dziesz nim zachwycona i b\u0119dzie to pocz\u0105tek naszej wieloletniej, dobrej wsp\u00f3\u0142pracy.<\/p>\n<h2>TO OGRANICZONA OFERTA<\/h2>\n<p>Jak ju\u017c wspomnia\u0142am normalna cena tego programu to 197 z\u0142, ale dla najwierniejszych fanek postanowi\u0142am zorganizowa\u0107 &#8220;przedsprzeda\u017c&#8221;<\/p>\n<p>W czasie trwania przedsprzeda\u017cy mo\u017cesz do nas do\u0142\u0105czy\u0107 w&nbsp;specjalnej cenie 129 z\u0142.<\/p>\n<p>Jak licznik dojdzie do zera to cena wzro\u015bnie do 197 z\u0142.<\/p>\n<p>Kolejna edycja tego wyzwania dopiero pod koniec roku wi\u0119c taka okazja szybko si\u0119 nie powt\u00f3rzy.<\/p>\n<h2>WIDOCZNE EFEKTY ALBO ZWROT PIENI\u0118DZY<\/h2>\n<p>Dodatkowo dostajesz bezwarunkow\u0105 gwarancj\u0119 zadowolenia.<\/p>\n<p>Twoja inwestycja jest zabezpieczona 30-dniow\u0105 gwarancj\u0105 zwrotu pieni\u0119dzy. &nbsp;<\/p>\n<p>Dzi\u0119ki temu mo\u017cesz rozpocz\u0105\u0107 program i przej\u015b\u0107 ze mn\u0105 przez ca\u0142y proces\u2026 i je\u015bli nie odczujesz na sobie&nbsp;wspania\u0142ej transformacji twojego cia\u0142a, umys\u0142u i ducha&nbsp;to po prostu napisz do mnie i otrzymasz zwrot ca\u0142ej op\u0142aconej kwoty. &nbsp;<\/p>\n<p>Mam nadziej\u0119, \u017ce jeste\u015b ze mn\u0105 i b\u0119dziesz moj\u0105 kolejn\u0105 histori\u0105 sukcesu.&nbsp;<\/p>\n<p>Aby zapewni\u0107 sobie udzia\u0142 w najnowszym WYZWANIU 12-DNIOWYM, w specjalnej ni\u017cszej cenie, kliknij przycisk poni\u017cej.&nbsp;<\/p>\n<h2>Wszystko ju\u017c si\u0119 zacz\u0119\u0142o, ale jeszcze przez kilka godzin mo\u017cesz do nas do\u0142\u0105czy\u0107.<\/h2>\n<h2>Cena wzro\u015bnie, jak tylko licznik dojdzie do zera!<\/h2>\n<h2>197 129 Z\u0141<\/h2>\n<p><a class=\"op3-background-ancestor\" target=\"_self\" data-op-action=\"popoverlay\" data-op-popoverlay-trigger=\"ct58wDHO\" data-op-animation-trigger=\"none\" data-op-animation-style=\"\" data-op-animation-loop=\"0\" data-op-timer-minutes=\"0\" data-op-timer-seconds=\"0\" data-op3-smooth-scroll=\"\" data-op-effect-style=\"\" data-op-effect-style-hover=\"\" data-op-courseaction=\"\" href=\"#\" rel=\"noopener\">ZAREZERWUJ MIEJSCE!<\/a><\/p>\n<p>Czy\u017c to nie jest wspania\u0142a &nbsp;propozycja?<\/p>\n<p>Pami\u0119taj, \u017ce przedsprzeda\u017c szybko si\u0119 sko\u0144czy&nbsp; i cena wkr\u00f3tce wzro\u015bnie, wi\u0119c do\u0142\u0105cz do nas, zanim b\u0119dzie za p\u00f3\u017ano.<\/p>\n<p>Dzi\u0119kuj\u0119 Ci za czas, kt\u00f3ry po\u015bwi\u0119ci\u0142a\u015b na przeczytanie tego wpisu i do us\u0142yszenia ju\u017c wkr\u00f3tce.<\/p>\n<p><img loading=\"lazy\" decoding=\"async\" src=\"https:\/\/gurbacka.pl\/ecom\/wp-content\/uploads\/2022\/08\/kasiaface-300x300-1-1.png\" alt=\"\" title=\"kasiaface\" width=\"1140\" height=\"570\" data-op3-attachment-id=\"\" \/><\/p>\n<p>KATARZYNA GURBACKA<\/p>\n<p>Dietetyczka, propagatorka zdrowego \u017cywienia, mama dw\u00f3jki dzieci,<\/p>\n<p>PS. Gdyby\u015b mia\u0142a jeszcze jakie\u015b pytania, to odpowied\u017a znajdziesz poni\u017cej.<\/p>\n<h3>To wszytko wygl\u0105da bardzo dobrze, ale sk\u0105d mam wiedzie\u0107, czy zadzia\u0142a na mnie?<\/h3>\n<p>Odpowied\u017a b\u0119dzie inna dla ka\u017cdej uczestniczki i zale\u017cy od wielu r\u00f3\u017cnych czynnik\u00f3w. Powinna\u015b powa\u017cnie rozwa\u017cy\u0107 t\u0119 ofert\u0119, poniewa\u017c\u2026<\/p>\n<p>Odkryjesz, \u017ce mo\u017cesz je\u015b\u0107 wi\u0119cej, a mimo to traci\u0107 na wadze, a co najwa\u017cniejsze&nbsp;unikn\u0105\u0107&nbsp;unicestwiaj\u0105cych wszelkie wysi\u0142ki&nbsp;napad\u00f3w wilczego apetytu.Zadbasz o zdrowe od\u017cywianie ca\u0142ej swojej rodziny.Poznasz wspania\u0142ych ludzi, z kt\u00f3rymi zaprzyja\u017anisz si\u0119 na d\u0142ugie lata.Odkryjesz, jak dzia\u0142a Tw\u00f3j organizm i jak poradzi\u0107 sobie z tym,&nbsp;co blokuje Ci\u0119 zar\u00f3wno na poziomie fizycznym, jak i psychicznym&#8230;<\/p>\n<h3>Co takiego niezwyk\u0142ego jest w tym&nbsp; programie P\u0141ASKI BRZUCH W WYZWANIE 12-DNIOWE?<\/h3>\n<p>P\u0141ASKI BRZUCH W 12 DNI nie jest typowym programem odchudzaj\u0105cym. Opiera si\u0119 na trzech r\u00f3wnorz\u0119dnych zasadach,&nbsp;uzdrawiaj\u0105cej mocy ruchu, mocy zdrowego jedzenia i mocy pozytywnych emocji.&nbsp;<\/p>\n<p>Ten program&nbsp; nie powsta\u0142 po to, aby pokaza\u0107 kobietom \u201eco maj\u0105 je\u015b\u0107\u201d, tylko po to, aby pokaza\u0107 im, jak mog\u0105&nbsp;poprawi\u0107 swoje \u017cycie dzi\u0119ki kilku prostym zasadom.&nbsp;<\/p>\n<p>W czasie tego programu odkryjesz moc wspania\u0142ych produkt\u00f3w spo\u017cywczych. Nauczysz si\u0119 korzysta\u0107 z codziennej porcji ruchu. Odkryjesz&nbsp;jak wykorzysta\u0107 si\u0142\u0119 swoich emocji,&nbsp;nawet je\u015bli akurat prze\u017cywasz jakie\u015b trudno\u015bci\u2026<\/p>\n<h3>Co zrobi\u0107, aby osi\u0105gn\u0105\u0107 jak najlepsze rezultaty dzi\u0119ki temu programowi?<\/h3>\n<p>Bardzo dobre pytanie. Najprostsza odpowied\u017a to po prostu stosuj ten program. W poprzednich wersjach tego programu&nbsp;wzi\u0119\u0142o udzia\u0142 ju\u017c ponad 3 625 os\u00f3b&nbsp;i wiele z nich mia\u0142o wspania\u0142e efekty. Ta wersja jest wynikiem naszej wieloletniej ju\u017c pracy i zdobytych do\u015bwiadcze\u0144.<\/p>\n<h3>Co, je\u015bli czego\u015b nie lubi\u0119 lub nie mog\u0119 je\u015b\u0107?<\/h3>\n<p>Doskonale wiem, \u017ce wiele os\u00f3b ma swoje preferencje \u017cywieniowe lub cierpi na alergie dlatego przygotowali\u015bmy list\u0119 zamiennik\u00f3w. Ka\u017cdy posi\u0142ek z \u0142atwo\u015bci\u0105 mo\u017cna dostosowa\u0107 do swoich potrzeb<\/p>\n<h3>Jakich efekt\u00f3w mog\u0119 si\u0119 spodziewa\u0107?<\/h3>\n<p>Nie mog\u0119 zagwarantowa\u0107 Ci rezultat\u00f3w, ale mog\u0119 Ci obieca\u0107, \u017ce je\u017celi potraktujesz ten program powa\u017cnie to po jego uko\u0144czeniu b\u0119dziesz inn\u0105 osob\u0105. Silniejsz\u0105, pewniejsz\u0105 siebie i bardziej do\u015bwiadczon\u0105&#8230;<\/p>\n<p><a href=\"https:\/\/gurbacka.pl\/regulamin\/\">Regulamin<\/a> &#8211; <a href=\"https:\/\/gurbacka.pl\/polityka-prywatnosci\/\">Polityka prywatno\u015bci <\/a>&#8211; <a href=\"https:\/\/gurbacka.pl\/kontakt\/\">Kontakt<\/a><\/p>\n","protected":false},"excerpt":{"rendered":"<p>NIESTETY MUSIA\u0141AM PODNIE\u015a\u0106 CEN\u0118, ALE TO WCI\u0104\u017b WSPANIA\u0141A OKAZJA! Katarzyna gurbacka, ekspert DS. zdrowego odchudzania przedstawia SW\u00f3J&nbsp;najnowszY&nbsp;program ODCHUDZAJ\u0104CY&#8230;&nbsp; p\u0142aski brzuch&nbsp;WYZWANIE 12-DNIOWE NAJNOWsZA EDYCJA &#8211; ZIMA 2022 Wszystko ju\u017c si\u0119 zacz\u0119\u0142o, ale jeszcze przez kilka godzin mo\u017cesz do nas do\u0142\u0105czy\u0107. Cena wzro\u015bnie, jak tylko licznik dojdzie do zera! 197 129 Z\u0141 ZAREZERWUJ MIEJSCE! OTO CO DOK\u0141ADNIE [&hellip;]<\/p>\n","protected":false},"author":1,"featured_media":0,"parent":0,"menu_order":0,"comment_status":"closed","ping_status":"closed","template":"op_builder_blank","meta":{"footnotes":""},"class_list":["post-47603","page","type-page","status-publish","hentry"],"_links":{"self":[{"href":"https:\/\/gurbacka.pl\/ecom\/wp-json\/wp\/v2\/pages\/47603","targetHints":{"allow":["GET"]}}],"collection":[{"href":"https:\/\/gurbacka.pl\/ecom\/wp-json\/wp\/v2\/pages"}],"about":[{"href":"https:\/\/gurbacka.pl\/ecom\/wp-json\/wp\/v2\/types\/page"}],"author":[{"embeddable":true,"href":"https:\/\/gurbacka.pl\/ecom\/wp-json\/wp\/v2\/users\/1"}],"replies":[{"embeddable":true,"href":"https:\/\/gurbacka.pl\/ecom\/wp-json\/wp\/v2\/comments?post=47603"}],"version-history":[{"count":5,"href":"https:\/\/gurbacka.pl\/ecom\/wp-json\/wp\/v2\/pages\/47603\/revisions"}],"predecessor-version":[{"id":47607,"href":"https:\/\/gurbacka.pl\/ecom\/wp-json\/wp\/v2\/pages\/47603\/revisions\/47607"}],"wp:attachment":[{"href":"https:\/\/gurbacka.pl\/ecom\/wp-json\/wp\/v2\/media?parent=47603"}],"curies":[{"name":"wp","href":"https:\/\/api.w.org\/{rel}","templated":true}]}}