{"id":38115,"date":"2022-10-25T12:42:58","date_gmt":"2022-10-25T12:42:58","guid":{"rendered":"https:\/\/gurbacka.pl\/ecom\/?page_id=38115"},"modified":"2022-10-26T18:23:08","modified_gmt":"2022-10-26T18:23:08","slug":"carb","status":"publish","type":"page","link":"https:\/\/gurbacka.pl\/ecom\/carb\/","title":{"rendered":"Nowe wyzwanie Low Carb"},"content":{"rendered":"<h2>Katarzyna Gurbacka zaprasza na&#8230;<\/h2>\n<h2>&#8220;NOWE 30-DNIOWE WYZWANIE LOW CARB&#8230;<\/h2>\n<h2>na spalanie tkanki t\u0142uszczowej&#8221;<\/h2>\n<p><img fetchpriority=\"high\" decoding=\"async\" src=\"https:\/\/gurbacka.pl\/ecom\/wp-content\/uploads\/2022\/10\/brzuszek.png\" alt=\"\" title=\"brzuszek\" width=\"800\" height=\"800\" data-op3-attachment-id=\"38117\" \/>Program startuje ju\u017c za kilka dni.Ilo\u015b\u0107 miejsc jest ograniczona (decyduje kolejno\u015b\u0107 zg\u0142osze\u0144).Aby pozna\u0107 szczeg\u00f3\u0142y musisz dosta\u0107 si\u0119 na list\u0119 wtajemniczonych.Osoby z tej listy b\u0119d\u0105 mog\u0142y skorzysta\u0107 z programu w cenie ni\u017cszej o 100 z\u0142 ni\u017c wszyscy inni i dostan\u0105 specjalny &#8220;prezent niespodziank\u0119&#8221;Kliknij w przycisk aby si\u0119 zapisa\u0107.<a class=\"op3-background-ancestor\" target=\"_self\" data-op-action=\"popoverlay\" data-op-popoverlay-trigger=\"FLKSnYqR\" data-op-animation-trigger=\"none\" data-op-animation-style=\"\" data-op-animation-loop=\"0\" data-op-timer-minutes=\"0\" data-op-timer-seconds=\"0\" data-op3-smooth-scroll=\"0\" data-op-effect-style=\"\" data-op-effect-style-hover=\"\" data-op-courseaction=\"\" href=\"#\" rel=\"noopener\">TAK, ZAPISZ MNIE NA LIST\u0118!<\/a><\/p>\n","protected":false},"excerpt":{"rendered":"<p>Katarzyna Gurbacka zaprasza na&#8230; &#8220;NOWE 30-DNIOWE WYZWANIE LOW CARB&#8230; na spalanie tkanki t\u0142uszczowej&#8221; Program startuje ju\u017c za kilka dni.Ilo\u015b\u0107 miejsc jest ograniczona (decyduje kolejno\u015b\u0107 zg\u0142osze\u0144).Aby pozna\u0107 szczeg\u00f3\u0142y musisz dosta\u0107 si\u0119 na list\u0119 wtajemniczonych.Osoby z tej listy b\u0119d\u0105 mog\u0142y skorzysta\u0107 z programu w cenie ni\u017cszej o 100 z\u0142 ni\u017c wszyscy inni i dostan\u0105 specjalny &#8220;prezent niespodziank\u0119&#8221;Kliknij [&hellip;]<\/p>\n","protected":false},"author":1,"featured_media":38189,"parent":0,"menu_order":0,"comment_status":"closed","ping_status":"closed","template":"op_builder_blank","meta":{"footnotes":""},"class_list":["post-38115","page","type-page","status-publish","has-post-thumbnail","hentry"],"_links":{"self":[{"href":"https:\/\/gurbacka.pl\/ecom\/wp-json\/wp\/v2\/pages\/38115","targetHints":{"allow":["GET"]}}],"collection":[{"href":"https:\/\/gurbacka.pl\/ecom\/wp-json\/wp\/v2\/pages"}],"about":[{"href":"https:\/\/gurbacka.pl\/ecom\/wp-json\/wp\/v2\/types\/page"}],"author":[{"embeddable":true,"href":"https:\/\/gurbacka.pl\/ecom\/wp-json\/wp\/v2\/users\/1"}],"replies":[{"embeddable":true,"href":"https:\/\/gurbacka.pl\/ecom\/wp-json\/wp\/v2\/comments?post=38115"}],"version-history":[{"count":7,"href":"https:\/\/gurbacka.pl\/ecom\/wp-json\/wp\/v2\/pages\/38115\/revisions"}],"predecessor-version":[{"id":38216,"href":"https:\/\/gurbacka.pl\/ecom\/wp-json\/wp\/v2\/pages\/38115\/revisions\/38216"}],"wp:featuredmedia":[{"embeddable":true,"href":"https:\/\/gurbacka.pl\/ecom\/wp-json\/wp\/v2\/media\/38189"}],"wp:attachment":[{"href":"https:\/\/gurbacka.pl\/ecom\/wp-json\/wp\/v2\/media?parent=38115"}],"curies":[{"name":"wp","href":"https:\/\/api.w.org\/{rel}","templated":true}]}}