{"id":29221,"date":"2020-03-13T13:11:00","date_gmt":"2020-03-13T13:11:00","guid":{"rendered":"https:\/\/gurbacka.pl\/ecom\/nowe-przepisy-cloned-at-2022-05-18-081328\/"},"modified":"2022-09-16T11:44:43","modified_gmt":"2022-09-16T11:44:43","slug":"gotowanie","status":"publish","type":"page","link":"https:\/\/gurbacka.pl\/ecom\/gotowanie\/","title":{"rendered":"Zdrowe gotowanie"},"content":{"rendered":"<h4>&nbsp; &nbsp; Tego jeszcze nie by\u0142o!<\/h4>\n<h2>Nowy spos\u00f3b odchudzania, dzi\u0119ki kt\u00f3remu schudniesz 5, 10&nbsp; a mo\u017ce nawet 15 kg&#8230;&nbsp;<\/h2>\n<h2>I TO BEZ STOSOWANIA \u015aCIS\u0141EJ DIETY<\/h2>\n<h2>&nbsp; NOWE 30-DNIOWE WYZWANIE \u201eZDROWE GOTOWANIE\u201d<\/h2>\n<p>Moja Droga,Je\u015bli chcesz szybko schudn\u0105\u0107 i zadba\u0107 o zdrowe od\u017cywianie ca\u0142ej Twojej rodziny, ale nie lubisz stosowa\u0107 szczeg\u00f3\u0142owo rozpisanego planu jedzenia, to mam dla Ciebie wspania\u0142\u0105 propozycj\u0119.<\/p>\n<p>Zanim jednak zdradz\u0119 Ci wszystkie szczeg\u00f3\u0142y, to musimy sobie co\u015b wyja\u015bni\u0107.To nie jest \u017caden wspania\u0142y \u201espos\u00f3b\u201d,&nbsp;jakich&nbsp;pe\u0142no w Internecie.To nie jest&nbsp;\u201ecudowna pigu\u0142ka\u201d, po kt\u00f3rej rezultaty przychodz\u0105 bez wysi\u0142ku, ani&nbsp;\u201ewspania\u0142a\u201d&nbsp;dieta reklamowana przez&nbsp;celebryt\u00f3w.To nie jest te\u017c typowe \u201ewyzwanie Kasi&nbsp;Gurbackiej\u201d, w kt\u00f3rym ju\u017c mo\u017ce bra\u0142a\u015b udzia\u0142\u2026<\/p>\n<h2>&nbsp; &nbsp;&nbsp;Tym razem chc\u0119 Ci zaproponowa\u0107 co\u015b zupe\u0142nie NOWEGO!<\/h2>\n<p><img fetchpriority=\"high\" decoding=\"async\" src=\"https:\/\/gurbacka.pl\/ecom\/wp-content\/uploads\/2022\/05\/278341542_534887241332639_3468619939023853448_n-1-1024x1024.jpg\" alt=\"\" title=\"278341542_534887241332639_3468619939023853448_n (1)\" width=\"980\" height=\"980\" data-op3-attachment-id=\"29223\" \/><\/p>\n<p>To, co chc\u0119 Ci pokaza\u0107, przynios\u0142o wspania\u0142e efekty nie tylko mnie i mojej rodzinie, ale tak\u017ce wielu innym kobietom, z kt\u00f3rymi si\u0119 podzieli\u0142am tym \u201enowym sposobem\u201d.<\/p>\n<p>Nie zamierzam jednak sugerowa\u0107, \u017ce to zadzia\u0142a na ka\u017cdego, kto do nas do\u0142\u0105czy.<\/p>\n<p>Nie wiem jakie efekty b\u0119d\u0105 mieli uczestnicy. Podejrzewam nawet, \u017ce wielu z nich nie b\u0119dzie mia\u0142o \u017cadnych rezultat\u00f3w (szczeg\u00f3lnie ci, kt\u00f3rym nie b\u0119dzie chcia\u0142o si\u0119 zaanga\u017cowa\u0107 i nie b\u0119d\u0105 stosowa\u0107 tego planu).Ciesze si\u0119, \u017ce to sobie wyja\u015bni\u0142y\u015bmy,\u2028 a tera pozw\u00f3l, \u017ce opowiem Ci, na czym dok\u0142adnie polega to NOWE WYZWANIE.<\/p>\n<h2>Na czym polega to NOWE WYZWANIE?<\/h2>\n<p>Przede wszystkim nie ma tu \u017cadnego lania wody i zb\u0119dnej teorii. \u017beby zadba\u0107 o swoje zdrowie i figur\u0119 nie potrzebujesz wi\u0119cej ksi\u0105\u017ckowej wiedzy. Potrzebujesz motywacji, wsparcia i prostego w zastosowaniu planu dzia\u0142ania.<\/p>\n<p>Je\u015bli bra\u0142a\u015b ju\u017c kiedy\u015b udzia\u0142 w moich wyzwaniach, to szybko zauwa\u017cysz, \u017ce tym razem wszystko b\u0119dzie si\u0119 dzia\u0142o zupe\u0142nie inaczej.Nie b\u0119dzie planu jedzenia i rozpiski na ka\u017cdy dzie\u0144, kt\u00f3rej trzeba si\u0119 sztywno trzyma\u0107.&nbsp;Zamiast tego, dostaniesz mas\u0119 zdrowych, kolorowych, sezonowych przepis\u00f3w na pyszne \u015bniadania, przek\u0105ski, obiady i kolacje, z kt\u00f3rych z \u0142atwo\u015bci\u0105 skomponujesz swoje zdrowe menu.<\/p>\n<p>B\u0119dziesz mog\u0142a gotowa\u0107 dla ca\u0142ej swojej rodziny. B\u0119dziesz mog\u0142a gotowa\u0107 od razu na dwa dni, aby skr\u00f3ci\u0107 czas sp\u0119dzany w kuchni. Najfajniejsze jest to, \u017ce codziennie mo\u017cesz je\u015b\u0107 to, na co w\u0142a\u015bnie masz ochot\u0119.Ale&nbsp;tu nie chodzi tylko o pozbycie si\u0119 zb\u0119dnych kilogram\u00f3w. Zobacz sama,&nbsp;co m\u00f3wi\u0105 osoby, kt\u00f3re wcze\u015bniej ju\u017c ze mn\u0105 wsp\u00f3\u0142pracowa\u0142y:<\/p>\n<p>Mam&nbsp;niedoczynno\u015b\u0107 tarczycy i Hashimoto&nbsp;i&nbsp;schud\u0142am ju\u017c 17 kg. Teraz utrzymuj\u0119 wag\u0119, mam wahania mi\u0119dzy 1-2 kg w g\u00f3r\u0119 lub w d\u00f3\u0142. Jednak ca\u0142y czas korzystam z przepis\u00f3w Kasi.<\/p>\n<p>Okaza\u0142o si\u0119, \u017ce z&nbsp;Kasi\u0105 to \u0142atwizna. Stopniowo&nbsp;ma\u0142ymi kroczkami uby\u0142o mi 7 kg\u2026.ale to nie jest moje ostatnie s\u0142owo. Id\u0119 z wami po wi\u0119cej\u2026(cho\u0107 nie oby\u0142o si\u0119 bez ma\u0142ych grzeszk\u00f3w). Dla mnie to ju\u017c nie dieta a powoli styl nowego, radosnego \u017cycia. Teraz wiele rzeczy mi si\u0119 chce. A przedtem by\u0142am leniwa, oci\u0119\u017ca\u0142a i nie chcia\u0142o mi si\u0119 nic robi\u0107. Pozdrawiam i \u017cycz\u0119 udanego dnia.<\/p>\n<p>Dzisiaj niespodzianka mnie spotka\u0142a, by\u0142am u lekarza medycyny pracy, sprawdza moje wyniki i stwierdza. Pani to ma chyba znajomo\u015bci w laboratorium,&nbsp;takie pi\u0119kne wyniki to niemo\u017cliwe,&nbsp;troch\u0119 cholesterol, troch\u0119 cukier, ale wszystko w normie. A ja pomy\u015bla\u0142am z wdzi\u0119czno\u015bci\u0105 o Kasi&nbsp;Gurbackiej. Mam 64 lata dopowiem.<\/p>\n<p>Mam 30 lat, jestem mam\u0105 trzech c\u00f3rek Zuzia 11 lat, Zosia 3-latka i Ma\u0142gosia 2-latka. Swoj\u0105 przygod\u0119 z Kasi\u0105 i Ani\u0105 rozpocz\u0119\u0142am 13 stycznia. Na dan\u0105 chwil\u0119&nbsp;jest mnie mniej o 12 kg&nbsp;z grzeszkami po drodze.&nbsp;Ale&nbsp;najwa\u017cniejsze dla mnie jest to, \u017ce poprzez to jedzenie, kt\u00f3re mamy,&nbsp;odstawi\u0142am leki na&nbsp;insulinooporno\u015b\u0107&nbsp;i czuje si\u0119 o wiele lepiej. Sta\u0142am si\u0119 poprzez motywacj\u0119 Kasi silniejsz\u0105 kobiet\u0105.<\/p>\n<p>Musz\u0119 si\u0119 pochwali\u0107, bo bardzo si\u0119 ciesz\u0119.&nbsp;By\u0142am u lekarza i pani doktor powiedzia\u0142a,&nbsp;\u017ce mog\u0119 by\u0107 dumna i mnie chwali\u0142a. Moje wyniki krwi tak si\u0119 poprawi\u0142y, \u017ce&nbsp;nie musz\u0119 ju\u017c bra\u0107 zastrzyk\u00f3w z insulin\u0105! Od dzisiaj bior\u0119 tylko 1&nbsp;tableteczk\u0119. Nie schud\u0142am du\u017co, bo w sumie,&nbsp;tylko 7 kg w ci\u0105gu 3 miesi\u0119cy, ale jedzenie przestawione do g\u00f3ry nogami. M\u00f3j m\u0105\u017c, kt\u00f3ry jest totalnym sceptykiem, te\u017c zaczn\u0105 je\u015b\u0107 to, co ja i ma 5 kg mniej. Jest&nbsp;po prostu happy. Trzymajcie za mnie kciuki.<\/p>\n<h2>Co dok\u0142adnie dostajesz?<\/h2>\n<h2>1. Prosty poradnik z \u201eInstrukcj\u0105 obs\u0142ugi wyzwania\u201d.<\/h2>\n<p><img decoding=\"async\" src=\"https:\/\/gurbacka.pl\/ecom\/wp-content\/uploads\/2022\/05\/porcover-235x300.jpg\" alt=\"\" title=\"porcover\" width=\"512\" height=\"256\" data-op3-attachment-id=\"29226\" \/><\/p>\n<p>Dowiesz si\u0119 z niego:<\/p>\n<p>Jak ustali\u0107 odpowiedni\u0105 dla Ciebie kaloryczno\u015b\u0107 posi\u0142k\u00f3w, tak aby\u015b \u015bwietnie si\u0119 czu\u0142a i bez wysi\u0142ku gubi\u0142a zb\u0119dne kilogramy?Jak skomponowa\u0107 swoj\u0105 diet\u0119 bez stosowania \u015bcis\u0142ej rozpiski?Jak rozplanowa\u0107 posi\u0142ki w ci\u0105gu dnia?Ile posi\u0142k\u00f3w spo\u017cywa\u0107 w ci\u0105gu dnia?Co zrobi\u0107, je\u015bli zdarzy Ci si\u0119 opu\u015bci\u0107 jaki\u015b posi\u0142ek?Co zrobi\u0107, je\u015bli czego\u015b nie lubisz lub nie mo\u017cesz je\u015b\u0107?Jakie zamienniki produkt\u00f3w mo\u017cesz stosowa\u0107 w naszych przepisach, je\u015bli czego\u015b nie lubisz lub nie uda Ci si\u0119 kupi\u0107?Dlaczego powinna\u015b je\u015b\u0107 bia\u0142ko i w jakich ilo\u015bciach?Jaka jest rola t\u0142uszczy w zdrowej diecie?Czy w\u0119glowodany s\u0105 z\u0142e i czy musisz ich unika\u0107, je\u015bli chcesz schudn\u0105\u0107?Czy mo\u017cesz je\u015b\u0107 nabia\u0142 i czym ewentualnie go zast\u0105pi\u0107?<\/p>\n<h2>2.&nbsp; Nowe&nbsp; przepisy do wykorzystania w tym wyzwaniu.<\/h2>\n<p>Na ka\u017cdy tydzie\u0144 naszego wyzwania dostaniesz 40 przepis\u00f3w na pyszne \u015bniadania, przek\u0105ski, obiady i kolacje. W sumie 160 przepis\u00f3w na ca\u0142e wyzwanie. (Oczywi\u015bcie musisz przygotowa\u0107 wszystkich, chodzi o to, aby\u015b mia\u0142a z czego wybiera\u0107, to co b\u0119dzie Ci najlepiej smakowa\u0107). Z tych przepis\u00f3w b\u0119dziesz sama komponowa\u0107 swoje pyszne menu.<\/p>\n<p><img decoding=\"async\" src=\"https:\/\/gurbacka.pl\/ecom\/wp-content\/uploads\/2022\/05\/przepki-821x1024.jpg\" alt=\"\" title=\"przepki\" width=\"821\" height=\"1024\" data-op3-attachment-id=\"29254\" \/>Ka\u017cdy przepis ma policzon\u0105 kaloryczno\u015b\u0107 oraz podane informacje o zawarto\u015bci bia\u0142ek, t\u0142uszczy i w\u0119glowodan\u00f3w w porcji.Ka\u017cdy posi\u0142ek ma dok\u0142adnie podan\u0105 gramatur\u0119 potrzebnych do jego przygotowania sk\u0142adnik\u00f3w i przepis.Ka\u017cdy posi\u0142ek jest pyszny i szybki w przygotowaniu.<\/p>\n<h2>3. Udzia\u0142 w webinarach prowadzonych przez nasze dietetyczki<\/h2>\n<p>W ramach tego wyzwania b\u0119dziesz mog\u0142a wzi\u0105\u0107 udzia\u0142 w czterech&nbsp;webinarach&nbsp;prowadzonych na \u017cywo&nbsp;lub obejrze\u0107 p\u00f3\u017aniej ich nagranie.<\/p>\n<p>Webinar&nbsp;1.&#8221;Jak dobra\u0107 odpowiedni\u0105 kaloryczno\u015b\u0107 diety i poprawnie komponowa\u0107 zdrowe posi\u0142ki?&#8221;<\/p>\n<p><img loading=\"lazy\" decoding=\"async\" src=\"https:\/\/gurbacka.pl\/ecom\/wp-content\/uploads\/2022\/05\/6-1024x1024.jpg\" alt=\"\" title=\"6\" width=\"980\" height=\"980\" data-op3-attachment-id=\"29257\" \/><\/p>\n<p>Webinar 2.<\/p>\n<p>&#8220;Zdrowe t\u0142uszcze &#8211; dlaczego nie powinni\u015bmy ba\u0107 si\u0119 t\u0142uszczy na diecie, ile powinni\u015bmy ich spo\u017cywa\u0107 i po jakie \u017ar\u00f3d\u0142a si\u0119ga\u0107?&#8221;<\/p>\n<p><img loading=\"lazy\" decoding=\"async\" src=\"https:\/\/gurbacka.pl\/ecom\/wp-content\/uploads\/2022\/05\/2-1024x1024.jpg\" alt=\"\" title=\"2\" width=\"980\" height=\"980\" data-op3-attachment-id=\"29259\" \/><\/p>\n<p>Webinar 3.<\/p>\n<p>&#8220;W\u0119glowodany w diecie &#8211; ile powinni\u015bmy ich spo\u017cywa\u0107 i jakie \u017ar\u00f3d\u0142a wybiera\u0107?&#8221;&nbsp;<\/p>\n<p><img loading=\"lazy\" decoding=\"async\" src=\"https:\/\/gurbacka.pl\/ecom\/wp-content\/uploads\/2022\/05\/7-1024x1024.jpg\" alt=\"\" title=\"7\" width=\"980\" height=\"980\" data-op3-attachment-id=\"29256\" \/><\/p>\n<p>Webinar 4.<\/p>\n<p>&#8220;Bia\u0142ka w diecie &#8211; ro\u015blinne i zwierz\u0119ce \u017ar\u00f3d\u0142a bia\u0142ka, zapotrzebowanie na bia\u0142ko i jego wp\u0142yw na proces odchudzania.&#8221;<\/p>\n<p><img loading=\"lazy\" decoding=\"async\" src=\"https:\/\/gurbacka.pl\/ecom\/wp-content\/uploads\/2022\/05\/3-1024x1024.jpg\" alt=\"\" title=\"3\" width=\"980\" height=\"980\" data-op3-attachment-id=\"29258\" \/><\/p>\n<h2>Ale to nie wszystko&#8230;<\/h2>\n<h2>Dostaniesz te\u017c zaproszenie do naszej grupy wsparcia na Facebooku.<\/h2>\n<p>Dzi\u0119ki temu b\u0119dziesz mog\u0142a zaprzyja\u017ani\u0107 si\u0119 z innymi uczestniczkami tego wyzwania. Wspiera\u0107 si\u0119 wzajemnie i wymienia\u0107 do\u015bwiadczenia.B\u0119dziesz mia\u0142a przez ca\u0142y czas wsparcie i pomoc naszych do\u015bwiadczonych dietetyczek.Dostaniesz szybk\u0105 odpowied\u017a na ka\u017cde pytanie tak, \u017ce nigdy nie utkniesz w miejscu, zastanawiaj\u0105c si\u0119 co robi\u0107 dalej&#8230;B\u0119dziesz mia\u0142a bezpo\u015bredni dost\u0119p do mnie i do cz\u0142onk\u00f3w mojego zespo\u0142u i przez ca\u0142e wyzwanie mo\u017cesz liczy\u0107 na nasz\u0105 pomoc.<\/p>\n<p>Wi\u0119c jak sama widzisz,<\/p>\n<p>b\u0119dziemy&nbsp; Ci\u0119 wspiera\u0107 na ka\u017cdym kroku tak, \u017ce nawet na chwil\u0119 nie zostaniesz sama\u2026&nbsp;&nbsp;<\/p>\n<p>Wiele program\u00f3w polega na tym, \u017ce daj\u0105 Ci po prostu materia\u0142 i zestaw \u0107wicze\u0144, ale bez odpowiedniego wsparcia. &nbsp;<\/p>\n<p>Co jest bardzo s\u0142abe, poniewa\u017c ka\u017cda z nas jest inna i w r\u00f3\u017cny spos\u00f3b reagujemy. &nbsp;<\/p>\n<p>I dlatego, kiedy wydarzy si\u0119 co\u015b niespodziewanego, to bardzo \u0142atwo wypadamy z rytmu i p\u00f3\u017aniej trudno jest powr\u00f3ci\u0107 na w\u0142a\u015bciwe tory.&nbsp;<\/p>\n<p>Dlatego w czasie tych 30 dni ja i m\u00f3j zesp\u00f3\u0142 b\u0119dziemy ze wszystkich si\u0142 pomaga\u0107&nbsp;Ci przej\u015b\u0107 przez&nbsp; to wyzwanie.&nbsp;<\/p>\n<p>Postanowi\u0142y\u015bmy, \u017ce b\u0119dziemy wspiera\u0107 Ci\u0119 na g\u0142\u0119bszym, bardziej osobistym poziomie tak, aby\u015bcie na pewno osi\u0105gn\u0119\u0142a rezultaty, na kt\u00f3rych wam zale\u017cy.<\/p>\n<p>Kiedy rozpoczniesz WYZWANIE to\u2026&nbsp;<\/p>\n<p>Na ka\u017cde pytanie dostaniesz szczeg\u00f3\u0142ow\u0105 i wyczerpuj\u0105c\u0105 odpowied\u017a.&nbsp;<\/p>\n<p>Nigdy nie pozostawimy Ci\u0119 z w\u0105tpliwo\u015bciami na temat tego, co dalej powinna\u015b&nbsp; zrobi\u0107.<\/p>\n<\/p>\n<p>Dostaniesz wszystko, co b\u0119dzie Ci potrzebne, aby wyzwanie zako\u0144czy\u0142o si\u0119 sukcesem.&nbsp;&nbsp;<\/p>\n<h2>Dodatkowo&#8230;<\/h2>\n<p>Dodatkowo dostaniesz jeszcze:<\/p>\n<p>Prezent 1&#8243;18 przepis\u00f3w na domowe lemoniady&#8221;. Dzi\u0119ki nim \u0142atwo zadbasz o prawid\u0142owe nawodnienie swojego organizmu, co jest bardzo wa\u017cne w czasie odchudzania.<\/p>\n<p><img loading=\"lazy\" decoding=\"async\" src=\"https:\/\/gurbacka.pl\/ecom\/wp-content\/uploads\/2022\/05\/lemocov-231x300.jpg\" alt=\"\" title=\"lemocov\" width=\"512\" height=\"256\" data-op3-attachment-id=\"29234\" \/><\/p>\n<p>Prezent 2<\/p>\n<\/p>\n<p>Przepisy na przek\u0105ski do samodzielnego komponowania. Tak\u0105 przek\u0105sk\u0119 z \u0142atwo\u015bci\u0105 wkomponujesz w swoj\u0105 codzienn\u0105 diet\u0119 i b\u0119dziesz mia\u0142a pewno\u015b\u0107, \u017ce jesz zgodnie ze swoim zapotrzebowaniem kalorycznym.<\/p>\n<p><img loading=\"lazy\" decoding=\"async\" src=\"https:\/\/gurbacka.pl\/ecom\/wp-content\/uploads\/2022\/05\/przekaski-212x300.jpg\" alt=\"\" title=\"przekaski\" width=\"212\" height=\"300\" data-op3-attachment-id=\"29235\" \/><\/p>\n<h2>Jak do\u0142\u0105czy\u0107 do wyzwania?<\/h2>\n<p>Aby do\u0142\u0105czy\u0107 do wyzwania, wystarczy klikn\u0105\u0107 przycisk poni\u017cej i z\u0142o\u017cy\u0107 zam\u00f3wienie. Wszystkie materia\u0142y s\u0105 w formacie elektronicznym (*.pdf) i zostan\u0105 wys\u0142ane, natychmiast po przyj\u0119ciu wp\u0142aty na adres e-mail podany w zam\u00f3wieniu (trwa to nie wi\u0119cej ni\u017c kilka minut).Zastanawiasz si\u0119 teraz pewnie,&nbsp;ile to kosztuje?Szczerze, cena jest o wiele ni\u017csza, ni\u017c powinna by\u0107. Szczeg\u00f3lnie je\u015bli we\u017amiesz pod uwag\u0119 wszystko, co dla Ciebie przygotowa\u0142am na te 30 dni naszej wsp\u00f3\u0142pracy.<\/p>\n<p>Poradnik \u201eInstrukcja obs\u0142ugi wyzwania\u201d &#8211; spokojnie mog\u0142abym sprzedawa\u0107 za co najmniej 60 z\u0142.160 nowych przepis\u00f3w kulinarnych z policzon\u0105 kaloryczno\u015bci\u0105. Mog\u0142abym zrobi\u0107 z tego 2 e-booki i ka\u017cdy z nich sprzeda\u0107 za jakie\u015b 70 z\u0142 co daje nam razem warto\u015b\u0107 140 z\u0142.Zaproszenie do grupy wsparcia, w kt\u00f3rej b\u0119dziesz mog\u0142a korzysta\u0107 z pomocy do\u015bwiadczonych dietetyczek, trudno jest wyceni\u0107.Gdyby\u015b chcia\u0142a skorzysta\u0107 gdzie\u015b z jednorazowej pomocy dietetyka,&nbsp;to musisz zap\u0142aci\u0107 co najmniej 200 z\u0142. W czasie trwania tego wyzwania mo\u017cesz zadawa\u0107 dowoln\u0105 ilo\u015b\u0107 pyta\u0144 i na wszystkie otrzymasz&nbsp;odpowied\u017a.Ka\u017cdy z&nbsp;webinar\u00f3w, w kt\u00f3rym b\u0119dziesz mog\u0142a wzi\u0105\u0107 udzia\u0142, mog\u0142abym sprzeda\u0107 spokojnie za 100 z\u0142,&nbsp;co daje nam warto\u015b\u0107 400 z\u0142.<\/p>\n<p>Razem daje nam to pakiet specjalistycznych us\u0142ug dietetycznych o warto\u015bci o warto\u015bci 800 z\u0142.<\/p>\n<\/p>\n<p>Jednak Ty nie musisz tyle p\u0142aci\u0107, poniewa\u017c przygotowa\u0142am dla Ciebie o wiele lepsz\u0105 ofert\u0119.<br \/>\nDlaczego to zrobi\u0142am?<\/p>\n<p>Z dw\u00f3ch powod\u00f3w:Pow\u00f3d 1Dzia\u0142am tylko online. Dlatego nie musz\u0119 utrzymywa\u0107 tradycyjnych gabinet\u00f3w dietetycznych i ponosi\u0107 koszt\u00f3w z tym zwi\u0105zanych a moi dietetycy w tym samym czasie mog\u0105 obs\u0142u\u017cy\u0107 wi\u0119ksz\u0105 ilo\u015b\u0107 pacjent\u00f3w.Pow\u00f3d 2Moje metody s\u0105 tak bardzo skuteczne, \u017ce moi klienci wszystkim mnie polecaj\u0105. Dzi\u0119ki temu moje wyzwania bardzo szybko si\u0119 sprzedaj\u0105 bez ponoszenia du\u017cych wydatk\u00f3w na reklam\u0119.<\/p>\n<p>Wi\u0119c nie b\u0119d\u0119 ju\u017c d\u0142u\u017cej owija\u0107 w bawe\u0142n\u0119 i powiem Ci, \u017ce za udzia\u0142 w tym wyzwaniu nie b\u0119dziesz musia\u0142a zap\u0142aci\u0107 800 z\u0142.\u2028\u2028<\/p>\n<p>Nie b\u0119dziesz musia\u0142a zap\u0142aci\u0107 nawet po\u0142owy tej kwoty\u2026Pomy\u015blisz pewnie, \u017ce to niewiarygodne, ale, poniewa\u017c pierwszy raz organizuj\u0119 takie wyzwanie, to je\u015bli szybko podejmiesz decyzj\u0119, to b\u0119dziesz mog\u0142a wzi\u0105\u0107 w nim udzia\u0142 za jedyne 129 z\u0142.<\/p>\n<p><img loading=\"lazy\" decoding=\"async\" src=\"https:\/\/gurbacka.pl\/ecom\/wp-content\/uploads\/2022\/05\/wyzwanko-1024x1024.jpg\" alt=\"\" title=\"wyzwanko\" width=\"980\" height=\"980\" data-op3-attachment-id=\"29317\" \/><\/p>\n<p>129 z\u0142 za 30-dniowe wyzwanie to nieca\u0142e 5 z\u0142 dziennie. To mniej ni\u017c ma\u0142a kawa w Macdonaldzie, a przecie\u017c&nbsp;wszystkie materia\u0142y&nbsp;b\u0119d\u0105 Twoje ju\u017c na zawsze.<\/p>\n<p><a href=\"https:\/\/gurbacka.pl\/ecom\/wyz\/cartflows_step\/wyz\/\" class=\"op3-background-ancestor\" target=\"_self\" data-op-action=\"link\" data-op-animation-trigger=\"none\" data-op-animation-style=\"\" data-op-animation-loop=\"0\" data-op-timer-minutes=\"0\" data-op-timer-seconds=\"0\" data-op3-smooth-scroll=\"0\" data-op-effect-style=\"\" data-op-effect-style-hover=\"\" data-op-courseaction=\"\" rel=\"noopener\">DO\u0141\u0104CZ DO WYZWANIA!<\/a><\/p>\n<h2>PROMOCJA SKO\u0143CZY SI\u0118 JU\u017b ZA:<\/h2>\n<h2>NIE MA \u017bADNYCH HACZYK\u00d3W<\/h2>\n<p>Wiem, \u017ce ta oferta mo\u017ce Ci si\u0119 wydawa\u0107 zbyt atrakcyjna, aby by\u0142a prawdziwa. Nie ma tu jednak \u017cadnych haczyk\u00f3w ani jakich\u015b ukrytych zobowi\u0105za\u0144. Mo\u017cesz wzi\u0105\u0107 udzia\u0142 w tym wyzwaniu za jedyne 129 z\u0142, poniewa\u017c takie wyzwanie organizuj\u0119 po raz pierwszy i pewnie b\u0119d\u0105 jakie\u015b drobne niedoci\u0105gni\u0119cia. Kolejna edycja tego wyzwania b\u0119dzie sprzedawana za co najmniej za dwa razy wy\u017csz\u0105 cen\u0119.<\/p>\n<h2>&nbsp; &nbsp; &nbsp;&nbsp;&nbsp;TO OGRANICZONA OFERTA!<\/h2>\n<p>Jak ju\u017c wspomnia\u0142am, normalna cena udzia\u0142u w tym wyzwaniu wynosi\u0107 b\u0119dzie oko\u0142o 400 z\u0142, ale poniewa\u017c organizuj\u0119 je w takiej formie po raz pierwszy, to przygotowa\u0142am kilkadziesi\u0105t miejsc w obni\u017conej cenie 129 z\u0142. Wi\u0119c je\u015bli szybko podejmiesz decyzj\u0119, to mo\u017cesz sporo zaoszcz\u0119dzi\u0107.Dlaczego to robi\u0119?Poniewa\u017c jestem przekonana, \u017ce to wyzwanie spodoba Ci si\u0119 tak bardzo, \u017ce b\u0119dziesz chcia\u0142a tak jak wiele moich klientek, w przysz\u0142o\u015bci zrobi\u0107 kolejne. Chc\u0119 w\u0142o\u017cy\u0107 stop\u0119 w drzwi i przekona\u0107 Ci\u0119, \u017ce to, co m\u00f3wi\u0119, ma prawdziw\u0105 warto\u015b\u0107.Niestety miejsca w ni\u017cszej cenie rozchodz\u0105 si\u0119 jak \u015bwie\u017ce bu\u0142eczki i jak tylko si\u0119 sko\u0144cz\u0105, to cena wzro\u015bnie do 400 z\u0142.<\/p>\n<p><a href=\"https:\/\/gurbacka.pl\/ecom\/wyz\/cartflows_step\/wyz\/\" class=\"op3-background-ancestor\" target=\"_self\" data-op-action=\"link\" data-op-animation-trigger=\"none\" data-op-animation-style=\"\" data-op-animation-loop=\"0\" data-op-timer-minutes=\"0\" data-op-timer-seconds=\"0\" data-op3-smooth-scroll=\"0\" data-op-effect-style=\"\" data-op-effect-style-hover=\"\" data-op-courseaction=\"\" rel=\"noopener\">DO\u0141\u0104CZ DO WYZWANIA!<\/a><\/p>\n<h2>PROMOCJA SKO\u0143CZY SI\u0118 JU\u017b ZA:<\/h2>\n<h2>&nbsp;&nbsp;BEZWARUNKOWA GWARANCJA<\/h2>\n<p>Dodatkowo dostajesz bezwarunkow\u0105 gwarancj\u0119 zadowolenia.Twoja inwestycja jest zabezpieczona 30-dniow\u0105 gwarancj\u0105 zwrotu pieni\u0119dzy.Dzi\u0119ki temu mo\u017cesz rozpocz\u0105\u0107 wyzwanie i przej\u015b\u0107 ze mn\u0105 przez ca\u0142y proces\u2026 i je\u015bli nie odczujesz na sobie wspania\u0142ej transformacji twojego cia\u0142a, umys\u0142u i ducha to po prostu napisz do mnie i otrzymasz zwrot ca\u0142ej op\u0142aconej kwoty.Mam nadziej\u0119, \u017ce jeste\u015b ze mn\u0105 i b\u0119dziesz moj\u0105 kolejn\u0105 histori\u0105 sukcesu.Aby zapewni\u0107 sobie udzia\u0142 w najnowszym WYZWANIU, kliknij przycisk poni\u017cej.<\/p>\n<p>Dzi\u0119kuj\u0119 Ci za czas, kt\u00f3ry po\u015bwi\u0119ci\u0142a\u015b na przeczytanie tego wpisu i do us\u0142yszenia ju\u017c wkr\u00f3tce.<\/p>\n<p><img loading=\"lazy\" decoding=\"async\" src=\"https:\/\/gurbacka.pl\/ecom\/wp-content\/uploads\/2020\/03\/cropped-kasiaface-300x300.png\" alt=\"\" title=\"cropped-kasiaface.png\" width=\"512\" height=\"256\" data-op3-attachment-id=\"5114\" \/><\/p>\n<p>Pozdrawiam serdecznie,&nbsp;Katarzyna Gurbacka<\/p>\n<p>PS. Miejsca w ni\u017cszej cenie szybko si\u0119 sprzedaj\u0105 i cena wkr\u00f3tce wzro\u015bnie, wi\u0119c <a href=\"https:\/\/gurbacka.pl\/ecom\/wyz\/cartflows_step\/wyz\/\">do\u0142\u0105cz do nas, zanim b\u0119dzie za p\u00f3\u017ano.<\/a><\/p>\n<p>PPS.&nbsp;Gdyby\u015b mia\u0142a jeszcze jakie\u015b pytania, to odpowied\u017a znajdziesz poni\u017cej&#8230;<\/p>\n<p>To wszytko wygl\u0105da bardzo dobrze, ale sk\u0105d mam wiedzie\u0107, czy zadzia\u0142a na mnie?<\/p>\n<p>Odpowied\u017a b\u0119dzie inna dla ka\u017cdej uczestniczki i zale\u017cy od wielu r\u00f3\u017cnych czynnik\u00f3w. Powinna\u015b powa\u017cnie rozwa\u017cy\u0107 t\u0119 ofert\u0119, poniewa\u017c\u2026- Odkryjesz, \u017ce mo\u017cesz je\u015b\u0107 wi\u0119cej, a mimo to traci\u0107 na wadze, a co najwa\u017cniejsze unikn\u0105\u0107 unicestwiaj\u0105cych wszelkie wysi\u0142ki napad\u00f3w wilczego apetytu.- Zadbasz o zdrowe od\u017cywianie ca\u0142ej swojej rodziny.- Poznasz wspania\u0142ych ludzi, z kt\u00f3rymi zaprzyja\u017anisz si\u0119 na d\u0142ugie lata.- Odkryjesz, jak dzia\u0142a Tw\u00f3j organizm i jak poradzi\u0107 sobie z tym, co blokuje Ci\u0119 zar\u00f3wno na poziomie fizycznym, jak i psychicznym&#8230;<\/p>\n<p>Co takiego niezwyk\u0142ego jest w tym WYZWANIU<\/p>\n<p>WYZWANIE&nbsp; ZDROWE GOTOWANIE nie jest typowym programem odchudzaj\u0105cym.&nbsp;<\/p>\n<p>To wyzwanie nie powsta\u0142o po to, aby pokaza\u0107 kobietom \u201eco maj\u0105 je\u015b\u0107\u201d, tylko po to, aby pokaza\u0107 im, jak mog\u0105 poprawi\u0107 swoje \u017cycie dzi\u0119ki kilku prostym zasadom.&nbsp;<\/p>\n<\/p>\n<p>W czasie tego wyzwania odkryjesz moc wspania\u0142ych produkt\u00f3w spo\u017cywczych. Nauczysz si\u0119 korzysta\u0107 z codziennej porcji ruchu. Odkryjesz jak wykorzysta\u0107 si\u0142\u0119 swoich emocji, nawet je\u015bli akurat prze\u017cywasz jakie\u015b trudno\u015bci\u2026<\/p>\n<p>Co zrobi\u0107, aby osi\u0105gn\u0105\u0107 jak najlepsze rezultaty dzi\u0119ki temu programowi?<\/p>\n<p>Bardzo dobre pytanie. Najprostsza odpowied\u017a to po prostu stosuj ten program. W poprzednich wersjach tego programu wzi\u0119\u0142o udzia\u0142 ju\u017c ponad 3 625 os\u00f3b i wiele z nich mia\u0142o wspania\u0142e efekty. Ta wersja jest wynikiem naszej wieloletniej ju\u017c pracy i zdobytych do\u015bwiadcze\u0144.<\/p>\n<p>&nbsp;Co, je\u015bli czego\u015b nie lubi\u0119 lub nie mog\u0119 je\u015b\u0107?<\/p>\n<p>Doskonale wiem, \u017ce wiele os\u00f3b ma swoje preferencje \u017cywieniowe lub cierpi na alergie dlatego przygotowali\u015bmy list\u0119 zamiennik\u00f3w. Ka\u017cdy posi\u0142ek z \u0142atwo\u015bci\u0105 mo\u017cna dostosowa\u0107 do swoich potrzeb.<\/p>\n<p>Jakich efekt\u00f3w mog\u0119 si\u0119 spodziewa\u0107?<\/p>\n<p>Nie mog\u0119 zagwarantowa\u0107 Ci rezultat\u00f3w, ale mog\u0119 Ci obieca\u0107, \u017ce je\u017celi potraktujesz ten program powa\u017cnie to po jego uko\u0144czeniu b\u0119dziesz inn\u0105 osob\u0105. Silniejsz\u0105, pewniejsz\u0105 siebie i bardziej do\u015bwiadczon\u0105&#8230;<\/p>\n<p style=\"text-align: center;\"><a href=\"https:\/\/gurbacka.pl\/ecom\/polityka-prywatnosci-3\/\">polityka prywatno\u015bci<\/a>&nbsp;&#8211;&nbsp;<a href=\"https:\/\/gurbacka.pl\/ecom\/regulamin\/\">regulamin<\/a>&nbsp;&#8211;&nbsp;<a href=\"https:\/\/gurbacka.pl\/kontakt\/\">kontakt<\/a><\/p>\n","protected":false},"excerpt":{"rendered":"<p>&nbsp; &nbsp; Tego jeszcze nie by\u0142o! Nowy spos\u00f3b odchudzania, dzi\u0119ki kt\u00f3remu schudniesz 5, 10&nbsp; a mo\u017ce nawet 15 kg&#8230;&nbsp; I TO BEZ STOSOWANIA \u015aCIS\u0141EJ DIETY &nbsp; NOWE 30-DNIOWE WYZWANIE \u201eZDROWE GOTOWANIE\u201d Moja Droga,Je\u015bli chcesz szybko schudn\u0105\u0107 i zadba\u0107 o zdrowe od\u017cywianie ca\u0142ej Twojej rodziny, ale nie lubisz stosowa\u0107 szczeg\u00f3\u0142owo rozpisanego planu jedzenia, to mam dla [&hellip;]<\/p>\n","protected":false},"author":1,"featured_media":0,"parent":0,"menu_order":0,"comment_status":"closed","ping_status":"closed","template":"op_builder_blank","meta":{"footnotes":""},"class_list":["post-29221","page","type-page","status-publish","hentry"],"_links":{"self":[{"href":"https:\/\/gurbacka.pl\/ecom\/wp-json\/wp\/v2\/pages\/29221","targetHints":{"allow":["GET"]}}],"collection":[{"href":"https:\/\/gurbacka.pl\/ecom\/wp-json\/wp\/v2\/pages"}],"about":[{"href":"https:\/\/gurbacka.pl\/ecom\/wp-json\/wp\/v2\/types\/page"}],"author":[{"embeddable":true,"href":"https:\/\/gurbacka.pl\/ecom\/wp-json\/wp\/v2\/users\/1"}],"replies":[{"embeddable":true,"href":"https:\/\/gurbacka.pl\/ecom\/wp-json\/wp\/v2\/comments?post=29221"}],"version-history":[{"count":43,"href":"https:\/\/gurbacka.pl\/ecom\/wp-json\/wp\/v2\/pages\/29221\/revisions"}],"predecessor-version":[{"id":36129,"href":"https:\/\/gurbacka.pl\/ecom\/wp-json\/wp\/v2\/pages\/29221\/revisions\/36129"}],"wp:attachment":[{"href":"https:\/\/gurbacka.pl\/ecom\/wp-json\/wp\/v2\/media?parent=29221"}],"curies":[{"name":"wp","href":"https:\/\/api.w.org\/{rel}","templated":true}]}}