{"id":20350,"date":"2020-12-16T09:29:43","date_gmt":"2020-12-16T09:29:43","guid":{"rendered":"https:\/\/gurbacka.pl\/ecom\/pb2021plus-all-cloned-at-2021-03-03-101303\/"},"modified":"2021-03-26T07:20:09","modified_gmt":"2021-03-26T07:20:09","slug":"pb2021-03-plus","status":"publish","type":"page","link":"https:\/\/gurbacka.pl\/ecom\/pb2021-03-plus\/","title":{"rendered":"pb2021-03-plus"},"content":{"rendered":"<p><a class=\"op3-link op3-background-ancestor\" target=\"_self\" data-op-action=\"link\" data-op-popoverlay-trigger=\"none\" data-op-select-funnel-step=\"\" data-op-animation-trigger=\"none\" data-op-animation-style=\"\" data-op-animation-loop=\"0\" data-op-timer-minutes=\"0\" data-op-timer-seconds=\"0\" data-op3-smooth-scroll=\"0\" rel=\"noopener\"><\/a><\/p>\n<p>ZACZEKAJ! Mam dla Ciebie co\u015b jeszcze&#8230;<\/p>\n<p><a target=\"_self\" data-op-action=\"link\" data-op-popoverlay-trigger=\"none\" data-op-select-funnel-step=\"\" data-op3-smooth-scroll=\"0\" rel=\"noopener\"><img decoding=\"async\" src=\"https:\/\/gurbacka.pl\/ecom\/wp-content\/uploads\/2020\/03\/kasiaface-150x150.png\" alt=\"\" title=\"kasiaface\" width=\"150\" height=\"150\" data-op3-attachment-id=\"5113\" \/><\/a><\/p>\n<h2>KLUB KASI<\/h2>\n<h2>Poniewa\u017c postanowi\u0142a\u015b zainwestowa\u0107 w siebie, wzi\u0105\u0107 udzia\u0142 w tym wyzwaniu i&nbsp;wprowadzi\u0107 w swoim \u017cyciu&nbsp;prawdziwe zmiany,&nbsp;to chc\u0119 Ci\u0119 zaprosi\u0107 do dalszej pracy nad sob\u0105 w moim&nbsp;KLUBIE KASI w&nbsp;niesamowicie niskiej cenie,&nbsp;kt\u00f3r\u0105 przygotowa\u0142am specjalnie dla uczestniczek tego wyzwania.<\/h2>\n<h2>Je\u015aLI DZI\u015a DO\u0141\u0104CZYSZ DO KLUBU KASI, TO WYZWANIE P\u0141ASKI BRZUCH W 12 DNI otrzymasz za darmo!<\/h2>\n<h2>KLUB KASI NA MIESI\u0104C<\/h2>\n<h2>197 z\u0142<\/h2>\n<h2>129 z\u0142<\/h2>\n<p>129 z\u0142 za miesi\u0105c<\/p>\n<p><a target=\"_self\" data-op-action=\"link\" data-op-popoverlay-trigger=\"none\" data-op-animation-trigger=\"none\" data-op-animation-style=\"\" data-op-animation-loop=\"0\" data-op-timer-minutes=\"0\" data-op-timer-seconds=\"0\" data-op3-smooth-scroll=\"0\" rel=\"noopener\">Plan jedzenia na ka\u017cdy tydzie\u0144<\/a><a target=\"_self\" data-op-action=\"link\" data-op-popoverlay-trigger=\"none\" data-op-animation-trigger=\"none\" data-op-animation-style=\"\" data-op-animation-loop=\"0\" data-op-timer-minutes=\"0\" data-op-timer-seconds=\"0\" data-op3-smooth-scroll=\"0\" rel=\"noopener\">Treningi online<\/a><a target=\"_self\" data-op-action=\"link\" data-op-popoverlay-trigger=\"none\" data-op-animation-trigger=\"none\" data-op-animation-style=\"\" data-op-animation-loop=\"0\" data-op-timer-minutes=\"0\" data-op-timer-seconds=\"0\" data-op3-smooth-scroll=\"0\" rel=\"noopener\">Pogadanki edukacyjne<\/a><a target=\"_self\" data-op-action=\"link\" data-op-popoverlay-trigger=\"none\" data-op-animation-trigger=\"none\" data-op-animation-style=\"\" data-op-animation-loop=\"0\" data-op-timer-minutes=\"0\" data-op-timer-seconds=\"0\" data-op3-smooth-scroll=\"0\" rel=\"noopener\">Grupa wsparcia na FB<\/a><a href=\"https:\/\/gurbacka.pl\/ecom\/pbkk\/cartflows_step\/pb2021-2-3-3\/\" class=\"op3-background-ancestor\" target=\"_self\" data-op-action=\"link\" data-op-popoverlay-trigger=\"none\" data-op-select-funnel-step=\"\" data-op-animation-trigger=\"none\" data-op-animation-style=\"\" data-op-animation-loop=\"0\" data-op-timer-minutes=\"0\" data-op-timer-seconds=\"0\" data-op3-smooth-scroll=\"0\" data-op-effect-style=\"\" rel=\"noopener\">DO\u0141\u0104CZ DO KLUBU!<\/a><\/p>\n<h2>KLUB KASI NA 6 MIESI\u0118CY<\/h2>\n<h2>774 z\u0142<\/h2>\n<h2>397 z\u0142<\/h2>\n<p>Tylko 66 z\u0142 za miesi\u0105c<\/p>\n<p><a target=\"_self\" data-op-action=\"link\" data-op-popoverlay-trigger=\"none\" data-op-animation-trigger=\"none\" data-op-animation-style=\"\" data-op-animation-loop=\"0\" data-op-timer-minutes=\"0\" data-op-timer-seconds=\"0\" data-op3-smooth-scroll=\"0\" rel=\"noopener\">Plan jedzenia na ka\u017cdy tydzie\u0144<\/a><a target=\"_self\" data-op-action=\"link\" data-op-popoverlay-trigger=\"none\" data-op-animation-trigger=\"none\" data-op-animation-style=\"\" data-op-animation-loop=\"0\" data-op-timer-minutes=\"0\" data-op-timer-seconds=\"0\" data-op3-smooth-scroll=\"0\" rel=\"noopener\">Treningi online<\/a><a target=\"_self\" data-op-action=\"link\" data-op-popoverlay-trigger=\"none\" data-op-animation-trigger=\"none\" data-op-animation-style=\"\" data-op-animation-loop=\"0\" data-op-timer-minutes=\"0\" data-op-timer-seconds=\"0\" data-op3-smooth-scroll=\"0\" rel=\"noopener\">Pogadanki edukacyjne<\/a><a target=\"_self\" data-op-action=\"link\" data-op-popoverlay-trigger=\"none\" data-op-animation-trigger=\"none\" data-op-animation-style=\"\" data-op-animation-loop=\"0\" data-op-timer-minutes=\"0\" data-op-timer-seconds=\"0\" data-op3-smooth-scroll=\"0\" rel=\"noopener\">Grupa wsparcia na FB<\/a><a href=\"https:\/\/gurbacka.pl\/ecom\/pbkk6\/cartflows_step\/pb2021-2-3-3-2\/\" class=\"op3-background-ancestor\" target=\"_self\" data-op-action=\"link\" data-op-popoverlay-trigger=\"none\" data-op-select-funnel-step=\"\" data-op-animation-trigger=\"none\" data-op-animation-style=\"\" data-op-animation-loop=\"0\" data-op-timer-minutes=\"0\" data-op-timer-seconds=\"0\" data-op3-smooth-scroll=\"0\" data-op-effect-style=\"\" rel=\"noopener\">DO\u0141\u0104CZ DO KLUBU!<\/a><\/p>\n<h1><a href=\"https:\/\/gurbacka.pl\/ecom\/pbmarzec\/cartflows_step\/pb2021-2-3-2-2-2-2-2-2\/\">Dzi\u0119kuj\u0119, ale wybieram tylko wyzwanie P\u0141ASKI BRZUCH W 12 DNI!<\/a><\/h1>\n<p><a href=\"https:\/\/gurbacka.pl\/polityka-prywatnosci\/\">Polityka prywatno\u015bci<\/a> &#8211; <a href=\"https:\/\/gurbacka.pl\/regulamin\/\">Regulamin<\/a> &#8211; <a href=\"https:\/\/gurbacka.pl\/kontakt\/\">Kontakt<\/a><\/p>\n","protected":false},"excerpt":{"rendered":"<p>ZACZEKAJ! Mam dla Ciebie co\u015b jeszcze&#8230; KLUB KASI Poniewa\u017c postanowi\u0142a\u015b zainwestowa\u0107 w siebie, wzi\u0105\u0107 udzia\u0142 w tym wyzwaniu i&nbsp;wprowadzi\u0107 w swoim \u017cyciu&nbsp;prawdziwe zmiany,&nbsp;to chc\u0119 Ci\u0119 zaprosi\u0107 do dalszej pracy nad sob\u0105 w moim&nbsp;KLUBIE KASI w&nbsp;niesamowicie niskiej cenie,&nbsp;kt\u00f3r\u0105 przygotowa\u0142am specjalnie dla uczestniczek tego wyzwania. Je\u015aLI DZI\u015a DO\u0141\u0104CZYSZ DO KLUBU KASI, TO WYZWANIE P\u0141ASKI BRZUCH W 12 [&hellip;]<\/p>\n","protected":false},"author":1,"featured_media":0,"parent":0,"menu_order":0,"comment_status":"closed","ping_status":"closed","template":"op_builder_blank","meta":{"footnotes":""},"class_list":["post-20350","page","type-page","status-publish","hentry"],"_links":{"self":[{"href":"https:\/\/gurbacka.pl\/ecom\/wp-json\/wp\/v2\/pages\/20350","targetHints":{"allow":["GET"]}}],"collection":[{"href":"https:\/\/gurbacka.pl\/ecom\/wp-json\/wp\/v2\/pages"}],"about":[{"href":"https:\/\/gurbacka.pl\/ecom\/wp-json\/wp\/v2\/types\/page"}],"author":[{"embeddable":true,"href":"https:\/\/gurbacka.pl\/ecom\/wp-json\/wp\/v2\/users\/1"}],"replies":[{"embeddable":true,"href":"https:\/\/gurbacka.pl\/ecom\/wp-json\/wp\/v2\/comments?post=20350"}],"version-history":[{"count":6,"href":"https:\/\/gurbacka.pl\/ecom\/wp-json\/wp\/v2\/pages\/20350\/revisions"}],"predecessor-version":[{"id":20397,"href":"https:\/\/gurbacka.pl\/ecom\/wp-json\/wp\/v2\/pages\/20350\/revisions\/20397"}],"wp:attachment":[{"href":"https:\/\/gurbacka.pl\/ecom\/wp-json\/wp\/v2\/media?parent=20350"}],"curies":[{"name":"wp","href":"https:\/\/api.w.org\/{rel}","templated":true}]}}